{"id":1485,"date":"2025-09-26T01:26:28","date_gmt":"2025-09-26T01:26:28","guid":{"rendered":"https:\/\/dlkmendoza2025.com.ar\/?page_id=1485"},"modified":"2025-09-27T02:02:12","modified_gmt":"2025-09-27T02:02:12","slug":"uncuyo","status":"publish","type":"page","link":"https:\/\/dlkmendoza2025.com.ar\/index.php\/uncuyo\/","title":{"rendered":"UNCuyo"},"content":{"rendered":"\t\t<div data-elementor-type=\"wp-page\" data-elementor-id=\"1485\" class=\"elementor elementor-1485\">\n\t\t\t\t<div class=\"elementor-element elementor-element-3bbd7ec e-flex e-con-boxed e-con e-parent\" data-id=\"3bbd7ec\" data-element_type=\"container\">\n\t\t\t\t\t<div class=\"e-con-inner\">\n\t\t\t\t<div class=\"elementor-element elementor-element-c1aae25 elementor-widget elementor-widget-image\" data-id=\"c1aae25\" data-element_type=\"widget\" data-widget_type=\"image.default\">\n\t\t\t\t<div class=\"elementor-widget-container\">\n\t\t\t\t\t\t\t\t\t\t\t\t\t<img decoding=\"async\" src=\"https:\/\/dlkmendoza2025.com.ar\/wp-content\/uploads\/elementor\/thumbs\/Lageplan_UNCuyo-rcawmusuw1dqycwkpti11gqec81i27h73w6yt4nkds.jpg\" title=\"Lageplan_UNCuyo\" alt=\"\" loading=\"lazy\" \/>\t\t\t\t\t\t\t\t\t\t\t\t\t<\/div>\n\t\t\t\t<\/div>\n\t\t\t\t\t<\/div>\n\t\t\t\t<\/div>\n\t\t<div class=\"elementor-element elementor-element-a2d6907 e-flex e-con-boxed e-con e-parent\" data-id=\"a2d6907\" data-element_type=\"container\">\n\t\t\t\t\t<div class=\"e-con-inner\">\n\t\t\t\t<div class=\"elementor-element elementor-element-b12fb7b elementor-widget elementor-widget-text-editor\" data-id=\"b12fb7b\" data-element_type=\"widget\" data-widget_type=\"text-editor.default\">\n\t\t\t\t<div class=\"elementor-widget-container\">\n\t\t\t\t\t\t\t<p data-start=\"118\" data-end=\"424\">Die <strong data-start=\"122\" data-end=\"163\">Universidad Nacional de Cuyo (UNCUYO)<\/strong> ist die gr\u00f6\u00dfte und renommierteste Universit\u00e4t der Provinz Mendoza und ein bedeutendes akademisches und kulturelles Zentrum in der Region Cuyo. Sie wurde 1939 gegr\u00fcndet und vereint heute zahlreiche Fakult\u00e4ten, Forschungsinstitute und kulturelle Einrichtungen.<\/p><p data-start=\"426\" data-end=\"824\">Die <strong data-start=\"430\" data-end=\"464\">Facultad de Filosof\u00eda y Letras<\/strong>, an der der DLK2025 stattfinden wird, ist Teil des weitl\u00e4ufigen Universit\u00e4tscampus \u201eCentro Universitario\u201c, der sich am Rande des <strong data-start=\"594\" data-end=\"623\">Parque General San Mart\u00edn<\/strong> befindet \u2013 einer der gr\u00f6\u00dften und sch\u00f6nsten Parkanlagen der Stadt. Der Campus zeichnet sich durch seine gr\u00fcne Umgebung, moderne Geb\u00e4ude und offene Atmosph\u00e4re aus, die Austausch und Begegnung f\u00f6rdern.<\/p><p data-start=\"826\" data-end=\"1233\">Die Universit\u00e4t liegt etwas au\u00dferhalb der Innenstadt, was eine ruhige Arbeitsatmosph\u00e4re inmitten von Natur erm\u00f6glicht. Einkaufsm\u00f6glichkeiten und Hotels befinden sich nicht in unmittelbarer N\u00e4he des Campus, sind jedoch mit dem Auto oder \u00f6ffentlichen Verkehrsmitteln schnell erreichbar. Mehrere Buslinien verbinden die UNCUYO direkt mit dem Stadtzentrum von Mendoza, das nur wenige Kilometer entfernt liegt.<\/p><p data-start=\"1235\" data-end=\"1441\">Mit ihrer Kombination aus akademischem Profil, kulturellem Umfeld und attraktiver Lage bietet die Facultad de Filosof\u00eda y Letras ideale Voraussetzungen f\u00fcr einen inspirierenden und erfolgreichen Kongres<\/p>\t\t\t\t\t\t<\/div>\n\t\t\t\t<\/div>\n\t\t\t\t\t<\/div>\n\t\t\t\t<\/div>\n\t\t<div class=\"elementor-element elementor-element-65041f1 e-flex e-con-boxed e-con e-parent\" data-id=\"65041f1\" data-element_type=\"container\">\n\t\t\t\t\t<div class=\"e-con-inner\">\n\t\t\t\t<div class=\"elementor-element elementor-element-2c216e8 elementor-widget elementor-widget-image\" data-id=\"2c216e8\" data-element_type=\"widget\" data-widget_type=\"image.default\">\n\t\t\t\t<div class=\"elementor-widget-container\">\n\t\t\t\t\t\t\t\t\t\t\t\t\t<img decoding=\"async\" src=\"https:\/\/dlkmendoza2025.com.ar\/wp-content\/uploads\/elementor\/thumbs\/LageplanFFyL-rccorx7vsibjpeutdxco8s2kjuxyyqbb8prbzkz75c.jpg\" title=\"LageplanFFyL\" alt=\"\" loading=\"lazy\" \/>\t\t\t\t\t\t\t\t\t\t\t\t\t<\/div>\n\t\t\t\t<\/div>\n\t\t\t\t\t<\/div>\n\t\t\t\t<\/div>\n\t\t\t\t<\/div>\n\t\t","protected":false},"excerpt":{"rendered":"<p>Die Universidad Nacional de Cuyo (UNCUYO) ist die gr\u00f6\u00dfte und renommierteste Universit\u00e4t der Provinz Mendoza und ein bedeutendes akademisches und kulturelles Zentrum in der Region Cuyo. Sie wurde 1939 gegr\u00fcndet und vereint heute zahlreiche Fakult\u00e4ten, Forschungsinstitute und kulturelle Einrichtungen. Die Facultad de Filosof\u00eda y Letras, an der der DLK2025 stattfinden wird, ist Teil des weitl\u00e4ufigen [&hellip;]<\/p>\n","protected":false},"author":1,"featured_media":0,"parent":0,"menu_order":0,"comment_status":"closed","ping_status":"closed","template":"elementor_header_footer","meta":{"ocean_post_layout":"","ocean_both_sidebars_style":"","ocean_both_sidebars_content_width":0,"ocean_both_sidebars_sidebars_width":0,"ocean_sidebar":"","ocean_second_sidebar":"","ocean_disable_margins":"enable","ocean_add_body_class":"","ocean_shortcode_before_top_bar":"","ocean_shortcode_after_top_bar":"","ocean_shortcode_before_header":"","ocean_shortcode_after_header":"","ocean_has_shortcode":"","ocean_shortcode_after_title":"","ocean_shortcode_before_footer_widgets":"","ocean_shortcode_after_footer_widgets":"","ocean_shortcode_before_footer_bottom":"","ocean_shortcode_after_footer_bottom":"","ocean_display_top_bar":"default","ocean_display_header":"default","ocean_header_style":"","ocean_center_header_left_menu":"","ocean_custom_header_template":"","ocean_custom_logo":0,"ocean_custom_retina_logo":0,"ocean_custom_logo_max_width":0,"ocean_custom_logo_tablet_max_width":0,"ocean_custom_logo_mobile_max_width":0,"ocean_custom_logo_max_height":0,"ocean_custom_logo_tablet_max_height":0,"ocean_custom_logo_mobile_max_height":0,"ocean_header_custom_menu":"","ocean_menu_typo_font_family":"","ocean_menu_typo_font_subset":"","ocean_menu_typo_font_size":0,"ocean_menu_typo_font_size_tablet":0,"ocean_menu_typo_font_size_mobile":0,"ocean_menu_typo_font_size_unit":"px","ocean_menu_typo_font_weight":"","ocean_menu_typo_font_weight_tablet":"","ocean_menu_typo_font_weight_mobile":"","ocean_menu_typo_transform":"","ocean_menu_typo_transform_tablet":"","ocean_menu_typo_transform_mobile":"","ocean_menu_typo_line_height":0,"ocean_menu_typo_line_height_tablet":0,"ocean_menu_typo_line_height_mobile":0,"ocean_menu_typo_line_height_unit":"","ocean_menu_typo_spacing":0,"ocean_menu_typo_spacing_tablet":0,"ocean_menu_typo_spacing_mobile":0,"ocean_menu_typo_spacing_unit":"","ocean_menu_link_color":"","ocean_menu_link_color_hover":"","ocean_menu_link_color_active":"","ocean_menu_link_background":"","ocean_menu_link_hover_background":"","ocean_menu_link_active_background":"","ocean_menu_social_links_bg":"","ocean_menu_social_hover_links_bg":"","ocean_menu_social_links_color":"","ocean_menu_social_hover_links_color":"","ocean_disable_title":"default","ocean_disable_heading":"default","ocean_post_title":"","ocean_post_subheading":"","ocean_post_title_style":"","ocean_post_title_background_color":"","ocean_post_title_background":0,"ocean_post_title_bg_image_position":"","ocean_post_title_bg_image_attachment":"","ocean_post_title_bg_image_repeat":"","ocean_post_title_bg_image_size":"","ocean_post_title_height":0,"ocean_post_title_bg_overlay":0.5,"ocean_post_title_bg_overlay_color":"","ocean_disable_breadcrumbs":"default","ocean_breadcrumbs_color":"","ocean_breadcrumbs_separator_color":"","ocean_breadcrumbs_links_color":"","ocean_breadcrumbs_links_hover_color":"","ocean_display_footer_widgets":"default","ocean_display_footer_bottom":"default","ocean_custom_footer_template":"","footnotes":""},"class_list":["post-1485","page","type-page","status-publish","hentry","entry"],"_links":{"self":[{"href":"https:\/\/dlkmendoza2025.com.ar\/index.php\/wp-json\/wp\/v2\/pages\/1485","targetHints":{"allow":["GET"]}}],"collection":[{"href":"https:\/\/dlkmendoza2025.com.ar\/index.php\/wp-json\/wp\/v2\/pages"}],"about":[{"href":"https:\/\/dlkmendoza2025.com.ar\/index.php\/wp-json\/wp\/v2\/types\/page"}],"author":[{"embeddable":true,"href":"https:\/\/dlkmendoza2025.com.ar\/index.php\/wp-json\/wp\/v2\/users\/1"}],"replies":[{"embeddable":true,"href":"https:\/\/dlkmendoza2025.com.ar\/index.php\/wp-json\/wp\/v2\/comments?post=1485"}],"version-history":[{"count":9,"href":"https:\/\/dlkmendoza2025.com.ar\/index.php\/wp-json\/wp\/v2\/pages\/1485\/revisions"}],"predecessor-version":[{"id":1503,"href":"https:\/\/dlkmendoza2025.com.ar\/index.php\/wp-json\/wp\/v2\/pages\/1485\/revisions\/1503"}],"wp:attachment":[{"href":"https:\/\/dlkmendoza2025.com.ar\/index.php\/wp-json\/wp\/v2\/media?parent=1485"}],"curies":[{"name":"wp","href":"https:\/\/api.w.org\/{rel}","templated":true}]}}