{"id":1546,"date":"2025-10-10T01:39:40","date_gmt":"2025-10-10T01:39:40","guid":{"rendered":"https:\/\/dlkmendoza2025.com.ar\/?page_id=1546"},"modified":"2025-10-25T01:42:05","modified_gmt":"2025-10-25T01:42:05","slug":"verpflegung","status":"publish","type":"page","link":"https:\/\/dlkmendoza2025.com.ar\/index.php\/verpflegung\/","title":{"rendered":"Verpflegung"},"content":{"rendered":"\t\t<div data-elementor-type=\"wp-page\" data-elementor-id=\"1546\" class=\"elementor elementor-1546\">\n\t\t\t\t<div class=\"elementor-element elementor-element-8fa3c0c e-flex e-con-boxed e-con e-parent\" data-id=\"8fa3c0c\" data-element_type=\"container\">\n\t\t\t\t\t<div class=\"e-con-inner\">\n\t\t\t\t<div class=\"elementor-element elementor-element-23059f3 elementor-widget elementor-widget-image\" data-id=\"23059f3\" data-element_type=\"widget\" data-widget_type=\"image.default\">\n\t\t\t\t<div class=\"elementor-widget-container\">\n\t\t\t\t\t\t\t\t\t\t\t\t\t<img decoding=\"async\" src=\"https:\/\/dlkmendoza2025.com.ar\/wp-content\/uploads\/elementor\/thumbs\/lunch-box-200762_1280-rczavivrm921xos3xkipynex3bhxic1wgycdhf43vk.jpg\" title=\"lunch-box-200762_1280\" alt=\"\" loading=\"lazy\" \/>\t\t\t\t\t\t\t\t\t\t\t\t\t<\/div>\n\t\t\t\t<\/div>\n\t\t\t\t\t<\/div>\n\t\t\t\t<\/div>\n\t\t<div class=\"elementor-element elementor-element-218ef7f e-flex e-con-boxed e-con e-parent\" data-id=\"218ef7f\" data-element_type=\"container\">\n\t\t\t\t\t<div class=\"e-con-inner\">\n\t\t\t\t<div class=\"elementor-element elementor-element-bcb9439 elementor-widget elementor-widget-text-editor\" data-id=\"bcb9439\" data-element_type=\"widget\" data-widget_type=\"text-editor.default\">\n\t\t\t\t<div class=\"elementor-widget-container\">\n\t\t\t\t\t\t\t<h3>Mittagessen 31. Oktober und 1. November<\/h3><h3 data-start=\"184\" data-end=\"210\"><span style=\"font-size: 14px; color: #4a4a4a;\">Jedes Mittagessen wird als <\/span><strong style=\"font-size: 14px; color: #4a4a4a;\" data-start=\"239\" data-end=\"251\">Lunchbox<\/strong><span style=\"font-size: 14px; color: #4a4a4a;\"> angeboten, die Folgendes enth\u00e4lt:<\/span><\/h3><ul data-start=\"287\" data-end=\"402\"><li data-start=\"287\" data-end=\"343\"><p data-start=\"289\" data-end=\"343\">Ein Hauptgericht zur Auswahl (f\u00fcnf Optionen pro Tag)<\/p><\/li><li data-start=\"287\" data-end=\"343\"><p data-start=\"289\" data-end=\"343\">Ein Getr\u00e4nk (500 ml)<\/p><\/li><li data-start=\"369\" data-end=\"402\"><p data-start=\"371\" data-end=\"402\">Eine Portion Obst als Dessert<\/p><\/li><\/ul><h3 data-start=\"619\" data-end=\"638\">\u00a0<\/h3><h3 data-start=\"619\" data-end=\"638\">Men\u00fcoptionen<\/h3><p data-start=\"640\" data-end=\"664\"><strong data-start=\"640\" data-end=\"664\">Freitag, 31. Oktober<\/strong><\/p><ul><li style=\"list-style-type: none;\"><ul data-start=\"666\" data-end=\"819\"><li data-start=\"666\" data-end=\"687\"><p data-start=\"668\" data-end=\"687\">Wrap mit H\u00e4hnchen<\/p><\/li><li data-start=\"688\" data-end=\"722\"><p data-start=\"690\" data-end=\"722\">Wrap mit Falafel (vegetarisch)<\/p><\/li><li data-start=\"723\" data-end=\"757\"><p data-start=\"725\" data-end=\"757\">Wrap mit H\u00e4hnchen (glutenfrei)<\/p><\/li><li data-start=\"758\" data-end=\"787\"><p data-start=\"760\" data-end=\"787\">Salat mit H\u00e4hnchen und Ei<\/p><\/li><li data-start=\"788\" data-end=\"819\"><p data-start=\"790\" data-end=\"819\">Salat mit Schinken und K\u00e4se<\/p><\/li><\/ul><\/li><\/ul><p data-start=\"821\" data-end=\"845\"><strong data-start=\"821\" data-end=\"845\">Samstag, 1. November<\/strong><\/p><ul><li style=\"list-style-type: none;\"><ul data-start=\"847\" data-end=\"1208\"><li data-start=\"847\" data-end=\"950\"><p data-start=\"849\" data-end=\"950\">Sandwich mit in Schwarzbier geschmortem Schweinefleisch, Rucola und confierten Tomaten auf K\u00e4sebrot<\/p><\/li><li data-start=\"951\" data-end=\"1042\"><p data-start=\"953\" data-end=\"1042\">Sandwich mit gegrilltem Gem\u00fcse, Champignons, Rucola und confierten Tomaten auf K\u00e4sebrot<\/p><\/li><li data-start=\"1043\" data-end=\"1146\"><p data-start=\"1045\" data-end=\"1146\">Glutenfreies Sandwich mit geschmortem Schweinefleisch, Rucola und confierten Tomaten auf Chip\u00e1-Brot<\/p><\/li><li data-start=\"1147\" data-end=\"1176\"><p data-start=\"1149\" data-end=\"1176\">Salat mit H\u00e4hnchen und Ei<\/p><\/li><li data-start=\"1177\" data-end=\"1208\"><p data-start=\"1179\" data-end=\"1208\">Salat mit Schinken und K\u00e4se<\/p><\/li><\/ul><\/li><\/ul><p data-start=\"1210\" data-end=\"1347\">Jede dieser Optionen wird in einer <strong data-start=\"1245\" data-end=\"1266\">versiegelten T\u00fcte<\/strong> mit dem <strong data-start=\"1275\" data-end=\"1302\">Namen des Teilnehmenden<\/strong> und der gew\u00e4hlten Option versehen \u00fcbergeben.<\/p><h3 data-start=\"1354\" data-end=\"1393\">\u00a0<\/h3><h3 data-start=\"239\" data-end=\"283\">Bestellung und Bezahlung der Lunchbox<\/h3><h3 data-start=\"285\" data-end=\"434\">Um eine schnelle und geordnete Ausgabe der Mittagessen zu erm\u00f6glichen, bitten wir alle Teilnehmenden, ihr Men\u00fc <strong data-start=\"396\" data-end=\"431\">vorab \u00fcber dieses Formular zu w\u00e4hlen und zu bezahlen:<br \/><br \/><span style=\"color: #800000;\"><a style=\"color: #800000;\" href=\"https:\/\/forms.gle\/ym7UgQNNXnJNd8187\">https:\/\/forms.gle\/ym7UgQNNXnJNd8187<\/a><\/span><br \/><\/strong><\/h3><p data-start=\"436\" data-end=\"640\"><strong data-start=\"439\" data-end=\"459\">Bestellzeitraum:<\/strong> Montag, 27. bis Dienstag, 28. Oktober<br data-start=\"497\" data-end=\"500\" \/>\u00dcber den Link, den wir in K\u00fcrze ver\u00f6ffentlichen, k\u00f6nnen Sie Ihr Men\u00fc f\u00fcr beide Tage ausw\u00e4hlen und den entsprechenden Betrag \u00fcberweisen.<\/p><p data-start=\"642\" data-end=\"802\">F\u00fcr <strong data-start=\"646\" data-end=\"678\">Teilnehmende aus dem Ausland<\/strong> besteht die M\u00f6glichkeit, das gew\u00e4hlte Men\u00fc <strong data-start=\"722\" data-end=\"780\">am Donnerstag , dem 30. Oktober oder am Freitag, dem 31. Oktober, direkt bei der Akkreditierung<\/strong> in bar zu bezahlen.<\/p><p data-start=\"804\" data-end=\"952\">Am Veranstaltungstag gen\u00fcgt es, beim Mittagessen-Ausgabepunkt den eigenen <strong data-start=\"878\" data-end=\"897\">Namen anzugeben<\/strong>, um die individuell vorbereitete Lunchbox zu erhalten.<\/p><h3 data-start=\"959\" data-end=\"983\">\u00a0<\/h3><h3 data-start=\"959\" data-end=\"983\">Wichtige Hinweise<\/h3><ul data-start=\"985\" data-end=\"1369\"><li data-start=\"985\" data-end=\"1063\"><p data-start=\"987\" data-end=\"1063\">Nur <strong data-start=\"991\" data-end=\"1031\">vorbestellte und bezahlte\u00a0 Lunchboxen<\/strong> k\u00f6nnen ber\u00fccksichtigt werden.<\/p><\/li><li data-start=\"1064\" data-end=\"1144\"><p data-start=\"1066\" data-end=\"1144\">Es wird <strong data-start=\"1074\" data-end=\"1120\">kein offenes Men\u00fc oder spontane Bestellung<\/strong> vor Ort m\u00f6glich sein.<\/p><\/li><li data-start=\"1145\" data-end=\"1268\"><p data-start=\"1147\" data-end=\"1268\">Der Preis wird bei ca. <strong data-start=\"1171\" data-end=\"1196\">ARS 14.900<\/strong> bzw. <strong>US$ 15<\/strong> pro Person liegen. Der genaue Betrag wird rechtzeitig bekanntgegeben.<\/p><\/li><\/ul><p data-start=\"1371\" data-end=\"1498\">Mit diesem System stellen wir sicher, dass alle ihr Mittagessen <strong data-start=\"1435\" data-end=\"1475\">schnell, bequem und ohne Wartezeiten<\/strong> genie\u00dfen k\u00f6nnen. \ud83c\udf7d\ufe0f<\/p>\t\t\t\t\t\t<\/div>\n\t\t\t\t<\/div>\n\t\t\t\t\t<\/div>\n\t\t\t\t<\/div>\n\t\t\t\t<\/div>\n\t\t","protected":false},"excerpt":{"rendered":"<p>Mittagessen 31. Oktober und 1. November Jedes Mittagessen wird als Lunchbox angeboten, die Folgendes enth\u00e4lt: Ein Hauptgericht zur Auswahl (f\u00fcnf Optionen pro Tag) Ein Getr\u00e4nk (500 ml) Eine Portion Obst als Dessert \u00a0 Men\u00fcoptionen Freitag, 31. Oktober Wrap mit H\u00e4hnchen Wrap mit Falafel (vegetarisch) Wrap mit H\u00e4hnchen (glutenfrei) Salat mit H\u00e4hnchen und Ei Salat mit [&hellip;]<\/p>\n","protected":false},"author":1,"featured_media":0,"parent":0,"menu_order":0,"comment_status":"closed","ping_status":"closed","template":"elementor_header_footer","meta":{"ocean_post_layout":"","ocean_both_sidebars_style":"","ocean_both_sidebars_content_width":0,"ocean_both_sidebars_sidebars_width":0,"ocean_sidebar":"","ocean_second_sidebar":"","ocean_disable_margins":"enable","ocean_add_body_class":"","ocean_shortcode_before_top_bar":"","ocean_shortcode_after_top_bar":"","ocean_shortcode_before_header":"","ocean_shortcode_after_header":"","ocean_has_shortcode":"","ocean_shortcode_after_title":"","ocean_shortcode_before_footer_widgets":"","ocean_shortcode_after_footer_widgets":"","ocean_shortcode_before_footer_bottom":"","ocean_shortcode_after_footer_bottom":"","ocean_display_top_bar":"default","ocean_display_header":"default","ocean_header_style":"","ocean_center_header_left_menu":"","ocean_custom_header_template":"","ocean_custom_logo":0,"ocean_custom_retina_logo":0,"ocean_custom_logo_max_width":0,"ocean_custom_logo_tablet_max_width":0,"ocean_custom_logo_mobile_max_width":0,"ocean_custom_logo_max_height":0,"ocean_custom_logo_tablet_max_height":0,"ocean_custom_logo_mobile_max_height":0,"ocean_header_custom_menu":"","ocean_menu_typo_font_family":"","ocean_menu_typo_font_subset":"","ocean_menu_typo_font_size":0,"ocean_menu_typo_font_size_tablet":0,"ocean_menu_typo_font_size_mobile":0,"ocean_menu_typo_font_size_unit":"px","ocean_menu_typo_font_weight":"","ocean_menu_typo_font_weight_tablet":"","ocean_menu_typo_font_weight_mobile":"","ocean_menu_typo_transform":"","ocean_menu_typo_transform_tablet":"","ocean_menu_typo_transform_mobile":"","ocean_menu_typo_line_height":0,"ocean_menu_typo_line_height_tablet":0,"ocean_menu_typo_line_height_mobile":0,"ocean_menu_typo_line_height_unit":"","ocean_menu_typo_spacing":0,"ocean_menu_typo_spacing_tablet":0,"ocean_menu_typo_spacing_mobile":0,"ocean_menu_typo_spacing_unit":"","ocean_menu_link_color":"","ocean_menu_link_color_hover":"","ocean_menu_link_color_active":"","ocean_menu_link_background":"","ocean_menu_link_hover_background":"","ocean_menu_link_active_background":"","ocean_menu_social_links_bg":"","ocean_menu_social_hover_links_bg":"","ocean_menu_social_links_color":"","ocean_menu_social_hover_links_color":"","ocean_disable_title":"default","ocean_disable_heading":"default","ocean_post_title":"","ocean_post_subheading":"","ocean_post_title_style":"","ocean_post_title_background_color":"","ocean_post_title_background":0,"ocean_post_title_bg_image_position":"","ocean_post_title_bg_image_attachment":"","ocean_post_title_bg_image_repeat":"","ocean_post_title_bg_image_size":"","ocean_post_title_height":0,"ocean_post_title_bg_overlay":0.5,"ocean_post_title_bg_overlay_color":"","ocean_disable_breadcrumbs":"default","ocean_breadcrumbs_color":"","ocean_breadcrumbs_separator_color":"","ocean_breadcrumbs_links_color":"","ocean_breadcrumbs_links_hover_color":"","ocean_display_footer_widgets":"default","ocean_display_footer_bottom":"default","ocean_custom_footer_template":"","footnotes":""},"class_list":["post-1546","page","type-page","status-publish","hentry","entry"],"_links":{"self":[{"href":"https:\/\/dlkmendoza2025.com.ar\/index.php\/wp-json\/wp\/v2\/pages\/1546","targetHints":{"allow":["GET"]}}],"collection":[{"href":"https:\/\/dlkmendoza2025.com.ar\/index.php\/wp-json\/wp\/v2\/pages"}],"about":[{"href":"https:\/\/dlkmendoza2025.com.ar\/index.php\/wp-json\/wp\/v2\/types\/page"}],"author":[{"embeddable":true,"href":"https:\/\/dlkmendoza2025.com.ar\/index.php\/wp-json\/wp\/v2\/users\/1"}],"replies":[{"embeddable":true,"href":"https:\/\/dlkmendoza2025.com.ar\/index.php\/wp-json\/wp\/v2\/comments?post=1546"}],"version-history":[{"count":9,"href":"https:\/\/dlkmendoza2025.com.ar\/index.php\/wp-json\/wp\/v2\/pages\/1546\/revisions"}],"predecessor-version":[{"id":1672,"href":"https:\/\/dlkmendoza2025.com.ar\/index.php\/wp-json\/wp\/v2\/pages\/1546\/revisions\/1672"}],"wp:attachment":[{"href":"https:\/\/dlkmendoza2025.com.ar\/index.php\/wp-json\/wp\/v2\/media?parent=1546"}],"curies":[{"name":"wp","href":"https:\/\/api.w.org\/{rel}","templated":true}]}}