{"id":881,"date":"2024-09-08T02:20:56","date_gmt":"2024-09-08T02:20:56","guid":{"rendered":"https:\/\/dlkmendoza2025.com.ar\/?page_id=881"},"modified":"2025-11-01T11:55:56","modified_gmt":"2025-11-01T11:55:56","slug":"programm","status":"publish","type":"page","link":"https:\/\/dlkmendoza2025.com.ar\/index.php\/programm\/","title":{"rendered":"Programm"},"content":{"rendered":"\t\t<div data-elementor-type=\"wp-page\" data-elementor-id=\"881\" class=\"elementor elementor-881\">\n\t\t\t\t<div class=\"elementor-element elementor-element-d511ffe e-flex e-con-boxed e-con e-parent\" data-id=\"d511ffe\" data-element_type=\"container\">\n\t\t\t\t\t<div class=\"e-con-inner\">\n\t\t<div class=\"elementor-element elementor-element-a54f6f5 e-con-full e-flex e-con e-child\" data-id=\"a54f6f5\" data-element_type=\"container\">\n\t\t\t\t<div class=\"elementor-element elementor-element-6137f2c elementor-widget elementor-widget-text-editor\" data-id=\"6137f2c\" data-element_type=\"widget\" data-widget_type=\"text-editor.default\">\n\t\t\t\t<div class=\"elementor-widget-container\">\n\t\t\t\t\t\t\t<p>WERBUNG<\/p>\t\t\t\t\t\t<\/div>\n\t\t\t\t<\/div>\n\t\t\t\t<\/div>\n\t\t<div class=\"elementor-element elementor-element-3bd3a3d e-con-full e-flex e-con e-child\" data-id=\"3bd3a3d\" data-element_type=\"container\">\n\t\t<div class=\"elementor-element elementor-element-43e0bdf e-grid e-con-full e-con e-child\" data-id=\"43e0bdf\" data-element_type=\"container\">\n\t\t\t\t<div class=\"elementor-element elementor-element-abed61f elementor-widget elementor-widget-image\" data-id=\"abed61f\" data-element_type=\"widget\" data-widget_type=\"image.default\">\n\t\t\t\t<div class=\"elementor-widget-container\">\n\t\t\t\t\t\t\t\t\t\t\t\t\t\t<a href=\"http:\/\/www.hueber.de\/miteinander\" target=\"_blank\">\n\t\t\t\t\t\t\t<img decoding=\"async\" src=\"https:\/\/dlkmendoza2025.com.ar\/wp-content\/uploads\/elementor\/thumbs\/HUE_Banner_900x500px_290725-r9ic0o1o2rxewo6ljf1lna8ggfe4h8v1imicdwr348.jpg\" title=\"HUE_Banner_900x500px_290725\" alt=\"\" loading=\"lazy\" \/>\t\t\t\t\t\t\t\t<\/a>\n\t\t\t\t\t\t\t\t\t\t\t\t\t<\/div>\n\t\t\t\t<\/div>\n\t\t\t\t<div class=\"elementor-element elementor-element-9fe8101 elementor-widget elementor-widget-image\" data-id=\"9fe8101\" data-element_type=\"widget\" data-widget_type=\"image.default\">\n\t\t\t\t<div class=\"elementor-widget-container\">\n\t\t\t\t\t\t\t\t\t\t\t\t\t<img decoding=\"async\" src=\"https:\/\/dlkmendoza2025.com.ar\/wp-content\/uploads\/elementor\/thumbs\/DW-Deutsch-lernen-Anzeige_900x500_DLT-Argentinien-r93pv703aih8rlqafv0w33khv3i554ixb1avspgp6w.jpg\" title=\"DW Deutsch lernen Anzeige_900x500_DLT Argentinien\" alt=\"\" loading=\"lazy\" \/>\t\t\t\t\t\t\t\t\t\t\t\t\t<\/div>\n\t\t\t\t<\/div>\n\t\t\t\t<div class=\"elementor-element elementor-element-52a76de elementor-widget elementor-widget-image\" data-id=\"52a76de\" data-element_type=\"widget\" data-widget_type=\"image.default\">\n\t\t\t\t<div class=\"elementor-widget-container\">\n\t\t\t\t\t\t\t\t\t\t\t\t\t\t<a href=\"https:\/\/www.cornelsen.de\/empfehlungen\/da-fuer-alle?campaign=koop\/website\/PSP_12529-149117_EWB_dlt-mendoza_ad-programm\/250728\" target=\"_blank\">\n\t\t\t\t\t\t\t<img decoding=\"async\" src=\"https:\/\/dlkmendoza2025.com.ar\/wp-content\/uploads\/elementor\/thumbs\/Cornelsen_Anzeige_DaF_DLT_WFE2_500x300_Startseite-r9m0lbkld9bwz3mylf90xx6odzl9n1yrp2ekucahs8.jpg\" title=\"Cornelsen_Anzeige_DaF_DLT_WFE2_500x300_Startseite\" alt=\"\" loading=\"lazy\" \/>\t\t\t\t\t\t\t\t<\/a>\n\t\t\t\t\t\t\t\t\t\t\t\t\t<\/div>\n\t\t\t\t<\/div>\n\t\t\t\t<div class=\"elementor-element elementor-element-06222f6 elementor-widget elementor-widget-image\" data-id=\"06222f6\" data-element_type=\"widget\" data-widget_type=\"image.default\">\n\t\t\t\t<div class=\"elementor-widget-container\">\n\t\t\t\t\t\t\t\t\t\t\t\t\t\t<a href=\"https:\/\/www.klett-international.com\/daf-kinder-jugendliche\" target=\"_blank\">\n\t\t\t\t\t\t\t<img decoding=\"async\" src=\"https:\/\/dlkmendoza2025.com.ar\/wp-content\/uploads\/elementor\/thumbs\/Z35259_DaF_Kongress_Argentinien_Programseite_final-scaled-ramy7dzcsqd93ji6dslk13468pu7vmxm03nq1csoso.jpg\" title=\"Z35259_DaF_Kongress_Argentinien_Programseite_final\" alt=\"\" loading=\"lazy\" \/>\t\t\t\t\t\t\t\t<\/a>\n\t\t\t\t\t\t\t\t\t\t\t\t\t<\/div>\n\t\t\t\t<\/div>\n\t\t\t\t<\/div>\n\t\t\t\t<\/div>\n\t\t\t\t\t<\/div>\n\t\t\t\t<\/div>\n\t\t<div class=\"elementor-element elementor-element-86d6b4a e-flex e-con-boxed e-con e-parent\" data-id=\"86d6b4a\" data-element_type=\"container\">\n\t\t\t\t\t<div class=\"e-con-inner\">\n\t\t\t\t<div class=\"elementor-element elementor-element-0a6a82f elementor-widget elementor-widget-text-editor\" data-id=\"0a6a82f\" data-element_type=\"widget\" data-widget_type=\"text-editor.default\">\n\t\t\t\t<div class=\"elementor-widget-container\">\n\t\t\t\t\t\t\t<p><span style=\"color: #808080;\"><em>&#8212; \u00c4NDERUNGEN VORBEHALTEN &#8212;<\/em><\/span><\/p>\t\t\t\t\t\t<\/div>\n\t\t\t\t<\/div>\n\t\t\t\t\t<\/div>\n\t\t\t\t<\/div>\n\t\t<div class=\"elementor-element elementor-element-b709327 e-con-full e-flex e-con e-parent\" data-id=\"b709327\" data-element_type=\"container\">\n\t\t\t\t<div class=\"elementor-element elementor-element-d52f8a3 elementor-widget elementor-widget-text-editor\" data-id=\"d52f8a3\" data-element_type=\"widget\" data-widget_type=\"text-editor.default\">\n\t\t\t\t<div class=\"elementor-widget-container\">\n\t\t\t\t\t\t\t<ul><li><em>Coffee Break steht an beiden Tagen st\u00e4ndig zur Verf\u00fcgung.<\/em><\/li><\/ul><p><strong>Donnerstag, 30.10.2025<\/strong><\/p><p>15:00 &#8211; 19:45\u00a0 Akkreditierung am Goethe-Zentrum Mendoza (Infanta Mercedes de San Mart\u00edn 666, Mendoza Zentrum)<br \/>20:00\u00a0 \u00a0 \u00a0 \u00a0 \u00a0 \u00a0 \u00a0 Empfang im Honorarkonsulat der Bundesrepublik Deutschland in Mendoza. Anmeldung erforderlich.\u00a0<\/p><p><strong style=\"font-size: 14px;\"><br \/>Freitag, 31.10.2025;<\/strong><span style=\"font-size: 14px;\"> Ort: Facultad de Filosof\u00eda y Letras, Universidad Nacional de Cuyo<\/span><\/p><p><i>7:45\u00a0 \u00a0 \u00a0 Kostenloser Transfer der Teilnehmenden <\/i><i>zum Kongress. Abfahrt der Busse von der Chile-Stra\u00dfe (Ecke bzw. kurz vor der Sarmiento-Stra\u00dfe, am Plaza Independencia). Anmeldung ist nicht erforderlich.\u00a0<\/i><\/p><p>08:00 &#8211; 09:00\u00a0 Akkreditierung <span style=\"color: #0000ff;\">(Halle SUM)<\/span><br \/>09:00 &#8211; 10:00\u00a0 Offizielle Er\u00f6ffnung <span style=\"color: #0000ff;\">(Raum C8, \u00dcbertragung in C7)<\/span><\/p><p>10:00 &#8211; 10:45<br \/>Er\u00f6ffnungsvortrag I: Anja Ballis (Ludwig-Maximilians-Universit\u00e4t M\u00fcnchen): Eintauchen, Erleben, Erlernen \u2013 Virtual Reality an der Schnittstelle von Sprache, Literatur und Kultur im Deutschunterricht <br \/><span style=\"color: #0000ff;\">(Raum C8, \u00dcbertragung in C7)<\/span><\/p><p>10:45 &#8211; 11:00\u00a0 Pause<\/p><p>11:00 &#8211; 11:45<br \/>Hybridvortrag: Insa Reichow (Deutsches Forschungszentrum f\u00fcr K\u00fcnstliche Intelligenz): Es geht nur noch mit &#8211; wie KI-kompetent sind wir Lehrkr\u00e4fte wirklich?<br \/>Moderation Katharina Rubin-Roth, Goethe-Institut Buenos Aires<br \/><span style=\"color: #0000ff;\">(Raum C8, \u00dcbertragung in C7)<\/span><\/p><p>11:45 &#8211; 12:30<br \/>Er\u00f6ffnungsvortrag II: Kathrin Siebold (Philipps-Universit\u00e4t Marburg): L2-Interaktionskompetenz im Kontext von Mehrsprachigkeit<br \/><span style=\"color: #0000ff;\">(Raum C8, \u00dcbertragung in C7)<\/span> <br \/><span style=\"font-size: 14px;\"><br \/>12:30 &#8211; 14:00\u00a0 Mittagspause<\/span><\/p><p>14:00 &#8211; 17:00\u00a0 Sektionsarbeit: Workshops<\/p><p style=\"padding-left: 40px;\">1: Mehrsprachigkeit, Sprachlerntheorien<span style=\"color: #0000ff;\"> (Raum C4)<\/span><br \/>2: \u00c4sthetisches und (trans-)kulturelles Lernen <span style=\"color: #0000ff;\">(Raum C5)<\/span><br \/>3: Fachsprache Deutsch, Mobilit\u00e4t, Deutsch f\u00fcr den Beruf <span style=\"color: #0000ff;\">(Raum C6)<\/span><br \/>4: Deutsch in der Lehre, Testen und Pr\u00fcfen <span style=\"color: #0000ff;\">(Raum C7)<\/span><br \/>5: KI, digitale Medien, Online-Lehre <span style=\"color: #0000ff;\">(Raum C11)<\/span><br \/>6: Neue Tendenzen und Methoden des Deutschunterrichts <span style=\"color: #0000ff;\">(Raum C12)<\/span><\/p><p>17:00 &#8211; 17:15\u00a0 Pause<\/p><p>17:15 &#8211; 18:00\u00a0 Keynotes (parallel)<\/p><ul><li style=\"list-style-type: none;\"><ul><li>Mario L\u00f3pez-Barrios (Universidad Nacional de C\u00f3rdoba): Mehrsprachigkeit als Chance im DaF-Unterricht <span style=\"color: #0000ff;\">(Raum C4)<\/span><\/li><li>Andr\u00e9 Moeller (DW): Kostenlos Deutsch lernen mit der DW <span style=\"color: #0000ff;\">(Raum C5)<\/span><\/li><li>Michael Dobstadt (Univ. Nacional de Asunci\u00f3n): Die Herausforderung der<br \/>(Fremd-)Sprach(en)didaktik durch KI im Lichte des Spannungsverh\u00e4ltnisses zwischen Konventionalit\u00e4t und Kreativit\u00e4t <span style=\"color: #0000ff;\">(Raum C6)<\/span><\/li><li>Stefanie Fischer (Hueber): Lernen neu gedacht: Das transformative Potenzial der KI im Sprachunterricht <span style=\"color: #0000ff;\">(Raum C7)<\/span><\/li><\/ul><\/li><\/ul><div>18:00 &#8211; 18:15\u00a0<\/div><p>Feierliche Unterzeichnung der Vereinbarung zwischen dem Goethe-Institut Buenos Aires und der Fakult\u00e4t f\u00fcr Philosophie und Geisteswissenschaften \u00fcber die Durchf\u00fchrung des Fortbildungsprogramms Deutsch Lehren Lernen (DLL).<\/p><p><em>18:00\u00a0 \u00a0Kostenloser Transfer der Teilnehmenden vom Kongress zum Rathaus<\/em><\/p><p><i>Abendprogramm:\u00a0<\/i><\/p><p>19:00\u00a0 \u00a0 Empfang auf der Terraza Jard\u00edn Mirador des Rathauses mit einem Glas Wein<\/p><p>20:00\u00a0 \u00a0 &#8222;Afterclass&#8220; in der Devas Lobby Bar, Hotel Sheraton Stadtzentrum. Eintritt kostenpflichtig (12.000,- ARS, beinhaltet keine Getr\u00e4nke oder Speisen). Link zur Anmeldung f\u00fcr alle Teilnehmenden \u00fcber die WhatsApp-Gruppe<\/p><p><strong>\u00a0<\/strong><\/p><p><strong>Samstag, 01.11.2025;<\/strong> Ort: Facultad de Filosof\u00eda y Letras, Universidad Nacional de Cuyo<\/p><p style=\"font-variant-ligatures: normal; font-variant-caps: normal; font-family: 'Open Sans', sans-serif; font-size: 14px; font-style: normal; font-weight: 400;\"><i style=\"font-size: 14px;\">8:30\u00a0 \u00a0 <i>Kostenloser Transfer der Teilnehmenden <\/i><i>zum Kongress. Abfahrt der Busse von der Chile-Stra\u00dfe (Ecke bzw. kurz vor der Sarmiento-Stra\u00dfe, am Plaza Independencia).<\/i><\/i><\/p><p>09:00 &#8211; 12:00<br \/>Sektionsarbeit (parallel): Vortr\u00e4ge und Praxisbeispiele (indiv. Pausen nach Planung der Sektionsleitungen)<\/p><p style=\"padding-left: 40px;\">1: Mehrsprachigkeit, Sprachlerntheorien <span style=\"color: #0000ff;\">(Raum C4)<\/span><br \/><span style=\"font-size: 14px;\">2: \u00c4sthetisches und (trans-)kulturelles Lernen <span style=\"color: #0000ff;\">(Raum C7)<\/span><br \/><\/span><span style=\"font-size: 14px;\">3: Fachsprache Deutsch, Mobilit\u00e4t, Deutsch f\u00fcr den Beruf <span style=\"color: #0000ff;\">(Raum C6)<\/span><br \/><\/span><span style=\"font-size: 14px;\">4: Deutsch in der Lehre, Testen und Pr\u00fcfen <span style=\"color: #0000ff;\">(Raum C11)<\/span><br \/><\/span><span style=\"font-size: 14px;\">5: KI, digitale Medien, Online-Lehre <span style=\"color: #0000ff;\">(Raum C12)<\/span><br \/><\/span><span style=\"font-size: 14px;\">6: Neue Tendenzen und Methoden des Deutschunterrichts <span style=\"color: #0000ff;\">(Raum C5)<\/span><\/span><\/p><p>12:00 &#8211; 12:15\u00a0 \u00a0Pause<\/p><p>12:15 &#8211; 13:00\u00a0 \u00a0Keynotes (parallel)<\/p><ul><li style=\"list-style-type: none;\"><ul><li>Bettina Melchers (Klett): Kinder sind die Zukunft und lernen anders \u2013 aber wie?! Mehrsprachigkeit bei Kindern <span style=\"font-size: 14px;\"><span style=\"color: #0000ff;\">(Raum C6)<\/span><\/span><\/li><li>Stefan Baumbach (Universidade Federal da Bahia, Brasilien):<br \/>Mehrsprachigkeit als Ressource in der Professionalisierung: Perspektiven auf die Ausbildung von DaF-Lehrpersonen im Rahmen der internationalen Bildungskooperation <span style=\"font-size: 14px;\"><span style=\"color: #0000ff;\">(Raum C12)<\/span><\/span><\/li><li>Susanne Schneider (Cornelsen): Mit KI geht es nat\u00fcrlich auch! KI-Assistenz im DaF-Unterricht: Konkret. Machbar. Wirksam. <span style=\"font-size: 14px;\"><span style=\"color: #0000ff;\">(Raum C7)<\/span><\/span><\/li><\/ul><\/li><\/ul><p>13:00 &#8211; 14:15\u00a0 \u00a0Mittagspause<\/p><p>14:15 &#8211; 15:45\u00a0 \u00a0Workshops Goethe-Institut, Verlage und Deutsche Welle<\/p><ul><li style=\"list-style-type: none;\"><ul><li>Romina Uehara (Goethe-Institut): KI trifft Klassenzimmer \u2013 Deutschunterricht neu denken. <span style=\"font-size: 14px;\"><span style=\"color: #0000ff;\">(Raum C4)<\/span><\/span><\/li><li>Irina Karmazina; Theresa Wallner; Manuela Vogelgesang (Goethe-Institut, DAMOS): Lernstrategien im DaF-Unterricht mit sprachlernungewohnten Teilnehmenden <span style=\"font-size: 14px;\"><span style=\"color: #0000ff;\">(Raum C5)<\/span><\/span><\/li><li>Bettina Melchers (Klett): Sag\u2019s auf Video <span style=\"font-size: 14px;\"><span style=\"color: #0000ff;\">(Raum C7)<\/span><\/span><\/li><li>Johanna Ackermann (DW): News im Unterricht \u2013 Deutsch lernen mit Nachrichten ab der Niveaustufe A2 <span style=\"font-size: 14px;\"><span style=\"color: #0000ff;\">(Raum C6)<\/span><\/span><\/li><li>Claudia Ullrich (Cornelsen): DACH-Antennen schon installiert? Zeitgem\u00e4\u00dfe Ans\u00e4tze f\u00fcr Plurizentrik und kulturelles Lernen im DaF-Unterricht <span style=\"font-size: 14px;\"><span style=\"color: #0000ff;\">(Raum C12)<\/span><\/span><\/li><li>Stephanie Fischer (Hueber): Welche Skills brauchen Sprachlernende, um erfolgreich im Job zu bestehen? <span style=\"font-size: 14px;\"><span style=\"color: #0000ff;\">(Raum C11)<\/span><\/span><\/li><li>Diego Santana de Freitas, Iracema Bauer Krueger (Goethe-Institut, DAMOS):<br \/>Duale Ausbildung und duales Studium: Orientierungswissen f\u00fcr DaF-Lehrkr\u00e4fte <span style=\"font-size: 14px;\"><span style=\"color: #0000ff;\">(Raum C10)<\/span><\/span><\/li><\/ul><\/li><\/ul><p>15:45 &#8211; 16:00\u00a0 Pause<\/p><p>16:00 &#8211; 17:30\u00a0 Workshops Goethe-Institut, Verlage und Deutsche Welle<\/p><ul><li style=\"list-style-type: none;\"><ul><li>Romina Uehara (Goethe-Institut): Neues Deutsch Lehren Lernen (DLL): Erkunden \u2013 Anwenden \u2013 Reflektieren <span style=\"font-size: 14px;\"><span style=\"color: #0000ff;\">(Raum C4)<\/span><\/span><\/li><li>Albert Compart; Alexandra Cort\u00e9s; Ulrich J\u00e4ger<br \/>(Goethe-Institut, DAMOS): Vom K\u00fcnstlichen zum Konkreten:<br \/>Einf\u00fchrung in die Szenariomethode als handlungsorientierter Ansatz im berufsbezogenen DaF-Unterricht unter Einbezug von KI-Anwendungen <span style=\"font-size: 14px;\"><span style=\"color: #0000ff;\">(Raum C11)<\/span><\/span><\/li><li>Josefa D\u00edaz (Klett): \u201eEin Hund auf dem Sofa?!\u201c Der interkulturelle Dialog in handlungsorientierten Aufgaben <span style=\"font-size: 14px;\"><span style=\"color: #0000ff;\">(Raum C10)<\/span><\/span><\/li><li>Johanna Ackermann (DW): Berufsfachsprache authentisch und lebendig vermitteln mit \u201eDeutsch im Job \u2013 Profis gesucht!\u201c <span style=\"font-size: 14px;\"><span style=\"color: #0000ff;\">(Raum C5)<\/span><\/span><\/li><li>Susanne Schneider (Cornelsen): Sprachfertigkeiten auch mit KI wirksam vernetzen. So gelingt Ihnen authentischer, lebendiger DaF-Unterricht <span style=\"font-size: 14px;\"><span style=\"color: #0000ff;\">(Raum C12)<\/span><\/span><\/li><li>Ivelina Georgieva (Hueber): Vom Lesen zum Sprechen (Ein tolles Team) (Grundstufe Schule) <span style=\"font-size: 14px;\"><span style=\"color: #0000ff;\">(Raum C7)<\/span><\/span><\/li><li>Andr\u00e9 Moeller (DW): Das Ich-Buch im Unterricht <span style=\"font-size: 14px;\"><span style=\"color: #0000ff;\">(Raum C6)<\/span><\/span><\/li><\/ul><\/li><\/ul><p><em>17:30\u00a0 \u00a0 \u00a0 Kostenloser Transfer der Teilnehmenden vom Kongress zur\u00fcck zur Innenstadt<\/em><\/p><div><i style=\"font-family: 'Open Sans', sans-serif; font-size: 14px; font-variant-ligatures: normal; font-variant-caps: normal; font-weight: 400;\">\u00a0<\/i><\/div><p><i>Abendprogramm (kostenloser Transfer):<\/i><\/p><p>20:30-21:30\u00a0 \u00a0 \u00a0(Einlass ab 20 Uhr) Magnificat von Bach mit historischen Instrumenten und moderner Intervention. Coro Universitario, geleitet von Silvana Vallesi. Nave UNCuyo. Freikarten f\u00fcr alle Kongress-Teilnehmende, ein Anmeldeformular folgt in K\u00fcrze per E-Mail.<\/p><p>21:30-24:00\u00a0 \u00a0Abschlussabend in der Nave Creativa. Getr\u00e4nke und Snacks mit entspannter Musik unter Sternenhimmel.\u00a0<\/p><p><strong style=\"font-size: 14px;\"><br \/>Sonntag, 02.11.2025<\/strong><\/p><p>Ausfl\u00fcge in und um Mendoza<\/p>\t\t\t\t\t\t<\/div>\n\t\t\t\t<\/div>\n\t\t\t\t<\/div>\n\t\t<div class=\"elementor-element elementor-element-e485764 e-flex e-con-boxed e-con e-parent\" data-id=\"e485764\" data-element_type=\"container\">\n\t\t\t\t\t<div class=\"e-con-inner\">\n\t\t\t\t<div class=\"elementor-element elementor-element-d4bd6b6 elementor-widget elementor-widget-image\" data-id=\"d4bd6b6\" data-element_type=\"widget\" data-widget_type=\"image.default\">\n\t\t\t\t<div class=\"elementor-widget-container\">\n\t\t\t\t\t\t\t\t\t\t\t\t\t<img decoding=\"async\" src=\"https:\/\/dlkmendoza2025.com.ar\/wp-content\/uploads\/elementor\/thumbs\/LageplanFFyL-rccorx7vsibjpeutdxco8s2kjuxyyqbb8prbzkz75c.jpg\" title=\"LageplanFFyL\" alt=\"\" loading=\"lazy\" \/>\t\t\t\t\t\t\t\t\t\t\t\t\t<\/div>\n\t\t\t\t<\/div>\n\t\t\t\t\t<\/div>\n\t\t\t\t<\/div>\n\t\t\t\t<\/div>\n\t\t","protected":false},"excerpt":{"rendered":"<p>WERBUNG &#8212; \u00c4NDERUNGEN VORBEHALTEN &#8212; Coffee Break steht an beiden Tagen st\u00e4ndig zur Verf\u00fcgung. Donnerstag, 30.10.2025 15:00 &#8211; 19:45\u00a0 Akkreditierung am Goethe-Zentrum Mendoza (Infanta Mercedes de San Mart\u00edn 666, Mendoza Zentrum)20:00\u00a0 \u00a0 \u00a0 \u00a0 \u00a0 \u00a0 \u00a0 Empfang im Honorarkonsulat der Bundesrepublik Deutschland in Mendoza. Anmeldung erforderlich.\u00a0 Freitag, 31.10.2025; Ort: Facultad de Filosof\u00eda y Letras, [&hellip;]<\/p>\n","protected":false},"author":1,"featured_media":0,"parent":0,"menu_order":0,"comment_status":"closed","ping_status":"closed","template":"elementor_theme","meta":{"ocean_post_layout":"full-width","ocean_both_sidebars_style":"","ocean_both_sidebars_content_width":0,"ocean_both_sidebars_sidebars_width":0,"ocean_sidebar":"0","ocean_second_sidebar":"0","ocean_disable_margins":"enable","ocean_add_body_class":"","ocean_shortcode_before_top_bar":"","ocean_shortcode_after_top_bar":"","ocean_shortcode_before_header":"","ocean_shortcode_after_header":"","ocean_has_shortcode":"","ocean_shortcode_after_title":"","ocean_shortcode_before_footer_widgets":"","ocean_shortcode_after_footer_widgets":"","ocean_shortcode_before_footer_bottom":"","ocean_shortcode_after_footer_bottom":"","ocean_display_top_bar":"default","ocean_display_header":"default","ocean_header_style":"","ocean_center_header_left_menu":"0","ocean_custom_header_template":"0","ocean_custom_logo":0,"ocean_custom_retina_logo":0,"ocean_custom_logo_max_width":0,"ocean_custom_logo_tablet_max_width":0,"ocean_custom_logo_mobile_max_width":0,"ocean_custom_logo_max_height":0,"ocean_custom_logo_tablet_max_height":0,"ocean_custom_logo_mobile_max_height":0,"ocean_header_custom_menu":"0","ocean_menu_typo_font_family":"0","ocean_menu_typo_font_subset":"","ocean_menu_typo_font_size":0,"ocean_menu_typo_font_size_tablet":0,"ocean_menu_typo_font_size_mobile":0,"ocean_menu_typo_font_size_unit":"px","ocean_menu_typo_font_weight":"","ocean_menu_typo_font_weight_tablet":"","ocean_menu_typo_font_weight_mobile":"","ocean_menu_typo_transform":"","ocean_menu_typo_transform_tablet":"","ocean_menu_typo_transform_mobile":"","ocean_menu_typo_line_height":0,"ocean_menu_typo_line_height_tablet":0,"ocean_menu_typo_line_height_mobile":0,"ocean_menu_typo_line_height_unit":"","ocean_menu_typo_spacing":0,"ocean_menu_typo_spacing_tablet":0,"ocean_menu_typo_spacing_mobile":0,"ocean_menu_typo_spacing_unit":"","ocean_menu_link_color":"","ocean_menu_link_color_hover":"","ocean_menu_link_color_active":"","ocean_menu_link_background":"","ocean_menu_link_hover_background":"","ocean_menu_link_active_background":"","ocean_menu_social_links_bg":"","ocean_menu_social_hover_links_bg":"","ocean_menu_social_links_color":"","ocean_menu_social_hover_links_color":"","ocean_disable_title":"default","ocean_disable_heading":"default","ocean_post_title":"","ocean_post_subheading":"","ocean_post_title_style":"","ocean_post_title_background_color":"","ocean_post_title_background":0,"ocean_post_title_bg_image_position":"","ocean_post_title_bg_image_attachment":"","ocean_post_title_bg_image_repeat":"","ocean_post_title_bg_image_size":"","ocean_post_title_height":0,"ocean_post_title_bg_overlay":0.5,"ocean_post_title_bg_overlay_color":"","ocean_disable_breadcrumbs":"default","ocean_breadcrumbs_color":"","ocean_breadcrumbs_separator_color":"","ocean_breadcrumbs_links_color":"","ocean_breadcrumbs_links_hover_color":"","ocean_display_footer_widgets":"default","ocean_display_footer_bottom":"default","ocean_custom_footer_template":"0","footnotes":""},"class_list":["post-881","page","type-page","status-publish","hentry","entry"],"_links":{"self":[{"href":"https:\/\/dlkmendoza2025.com.ar\/index.php\/wp-json\/wp\/v2\/pages\/881","targetHints":{"allow":["GET"]}}],"collection":[{"href":"https:\/\/dlkmendoza2025.com.ar\/index.php\/wp-json\/wp\/v2\/pages"}],"about":[{"href":"https:\/\/dlkmendoza2025.com.ar\/index.php\/wp-json\/wp\/v2\/types\/page"}],"author":[{"embeddable":true,"href":"https:\/\/dlkmendoza2025.com.ar\/index.php\/wp-json\/wp\/v2\/users\/1"}],"replies":[{"embeddable":true,"href":"https:\/\/dlkmendoza2025.com.ar\/index.php\/wp-json\/wp\/v2\/comments?post=881"}],"version-history":[{"count":133,"href":"https:\/\/dlkmendoza2025.com.ar\/index.php\/wp-json\/wp\/v2\/pages\/881\/revisions"}],"predecessor-version":[{"id":1700,"href":"https:\/\/dlkmendoza2025.com.ar\/index.php\/wp-json\/wp\/v2\/pages\/881\/revisions\/1700"}],"wp:attachment":[{"href":"https:\/\/dlkmendoza2025.com.ar\/index.php\/wp-json\/wp\/v2\/media?parent=881"}],"curies":[{"name":"wp","href":"https:\/\/api.w.org\/{rel}","templated":true}]}}