{"id":900,"date":"2024-09-08T02:28:47","date_gmt":"2024-09-08T02:28:47","guid":{"rendered":"https:\/\/dlkmendoza2025.com.ar\/?page_id=900"},"modified":"2024-10-28T01:54:43","modified_gmt":"2024-10-28T01:54:43","slug":"tagungsort","status":"publish","type":"page","link":"https:\/\/dlkmendoza2025.com.ar\/index.php\/tagungsort\/","title":{"rendered":"Tagungsort"},"content":{"rendered":"\t\t<div data-elementor-type=\"wp-page\" data-elementor-id=\"900\" class=\"elementor elementor-900\">\n\t\t\t\t<div class=\"elementor-element elementor-element-f2124c2 e-flex e-con-boxed e-con e-parent\" data-id=\"f2124c2\" data-element_type=\"container\">\n\t\t\t\t\t<div class=\"e-con-inner\">\n\t\t\t\t<div class=\"elementor-element elementor-element-f8ab797 elementor-widget elementor-widget-video\" data-id=\"f8ab797\" data-element_type=\"widget\" data-settings=\"{&quot;video_type&quot;:&quot;hosted&quot;,&quot;autoplay&quot;:&quot;yes&quot;,&quot;controls&quot;:&quot;yes&quot;}\" data-widget_type=\"video.default\">\n\t\t\t\t<div class=\"elementor-widget-container\">\n\t\t\t\t\t<div class=\"e-hosted-video elementor-wrapper elementor-open-inline\">\n\t\t\t\t\t<video class=\"elementor-video\" src=\"https:\/\/dlkmendoza2025.com.ar\/wp-content\/uploads\/2024\/10\/Video_Termin.mp4\" autoplay=\"\" controls=\"\" controlsList=\"nodownload\"><\/video>\n\t\t\t\t<\/div>\n\t\t\t\t<\/div>\n\t\t\t\t<\/div>\n\t\t\t\t\t<\/div>\n\t\t\t\t<\/div>\n\t\t<div class=\"elementor-element elementor-element-9cb4782 e-flex e-con-boxed e-con e-parent\" data-id=\"9cb4782\" data-element_type=\"container\">\n\t\t\t\t\t<div class=\"e-con-inner\">\n\t\t<div class=\"elementor-element elementor-element-c66de95 e-con-full e-flex e-con e-child\" data-id=\"c66de95\" data-element_type=\"container\">\n\t\t\t\t<div class=\"elementor-element elementor-element-e1e92d2 elementor-widget__width-initial elementor-widget elementor-widget-text-editor\" data-id=\"e1e92d2\" data-element_type=\"widget\" data-widget_type=\"text-editor.default\">\n\t\t\t\t<div class=\"elementor-widget-container\">\n\t\t\t\t\t\t\t<div class=\"flex-shrink-0 flex flex-col relative items-end\"><div><div class=\"pt-0\"><h2 class=\"gizmo-bot-avatar flex h-8 w-8 items-center justify-center overflow-hidden rounded-full\"><strong>Mendoza \u2013 Ein einzigartiger Tagungsort am Fu\u00dfe der Anden<\/strong><\/h2><div>\u00a0<\/div><\/div><\/div><\/div><div class=\"group\/conversation-turn relative flex w-full min-w-0 flex-col agent-turn\"><div class=\"flex-col gap-1 md:gap-3\"><div class=\"flex max-w-full flex-col flex-grow\"><div class=\"min-h-8 text-message flex w-full flex-col items-end gap-2 whitespace-normal break-words [.text-message+&amp;]:mt-5\" dir=\"auto\" data-message-author-role=\"assistant\" data-message-id=\"3e7a6a6b-0cdc-497e-a32c-de60bb91d1ba\" data-message-model-slug=\"gpt-4o\"><div class=\"flex w-full flex-col gap-1 empty:hidden first:pt-[3px]\"><div class=\"markdown prose w-full break-words dark:prose-invert light\"><p>Die Stadt Mendoza, gelegen im Westen Argentiniens, ist nicht nur die Hauptstadt der gleichnamigen Provinz, sondern auch ein idealer Ort f\u00fcr Kongresse und Veranstaltungen. Umgeben von den majest\u00e4tischen Anden und weitl\u00e4ufigen Weinbergen bietet Mendoza eine faszinierende Kombination aus nat\u00fcrlicher Sch\u00f6nheit, kultureller Vielfalt und moderner Infrastruktur.<\/p><p><strong>Wein, Kultur und Gastfreundschaft<\/strong><br \/>Mendoza ist weltweit bekannt f\u00fcr seine Weinproduktion, insbesondere f\u00fcr den Malbec, der als einer der besten Weine der Welt gilt. Ein Besuch in den ber\u00fchmten Weing\u00fctern der Region \u2013 den \u201eBodegas\u201c \u2013 ist ein Muss und l\u00e4dt dazu ein, lokale Weine zu verkosten und die einzigartige Landschaft zu genie\u00dfen. Gleichzeitig bietet die Stadt ein lebendiges kulturelles Leben mit Museen, Theatern und Festivals, die das ganze Jahr \u00fcber stattfinden.<\/p><p><strong>Naturerlebnisse und Abenteuer<\/strong><br \/>F\u00fcr Naturliebhaber und Abenteuerfreunde ist Mendoza ein wahres Paradies. Nur eine kurze Fahrt von der Stadt entfernt, erhebt sich der Aconcagua, der h\u00f6chste Berg S\u00fcdamerikas und ein Traumziel f\u00fcr BergsteigerInnen. Auch Aktivit\u00e4ten wie Trekking, Rafting und Reitausfl\u00fcge sind in der Region sehr beliebt. Der beeindruckende Park General San Mart\u00edn, der gr\u00f6\u00dfte Stadtpark Mendozas, l\u00e4dt zu entspannten Spazierg\u00e4ngen und Erholung ein.<\/p><p><strong>Moderne Infrastruktur<\/strong><br \/>Die N\u00e4he zu hochwertigen Hotels, Restaurants und kulturellen Einrichtungen garantiert den Teilnehmenden ein komfortables und inspirierendes Umfeld. Die Stadt ist zudem gut angebunden: Der internationale Flughafen El Plumerillo verbindet Mendoza mit den wichtigsten St\u00e4dten Argentiniens und einigen internationalen Zielen.<\/p><p><strong>Kulinarische Gen\u00fcsse und lokales Flair<\/strong><br \/>Die kulinarische Vielfalt Mendozas l\u00e4sst keine W\u00fcnsche offen. Von typisch argentinischen Asados bis hin zu innovativer, moderner K\u00fcche \u2013 hier kommt jede\/r FeinschmeckerIn auf seine\/ihre Kosten. Die Kombination aus hervorragendem Essen, erstklassigem Wein und der herzlichen Gastfreundschaft der Menschen macht den Aufenthalt in Mendoza zu einem unvergesslichen Erlebnis.<\/p><p><strong>Ein perfekter Mix aus Arbeit und Entspannung<\/strong><br \/>Ein Kongress in Mendoza verbindet das Angenehme mit dem N\u00fctzlichen: W\u00e4hrend die TeilnehmerInnen sich tags\u00fcber fachlich austauschen, bietet die Stadt eine F\u00fclle von M\u00f6glichkeiten zur Entspannung und Freizeitgestaltung. Die atemberaubende Landschaft, die kulturellen Highlights und die freundliche Atmosph\u00e4re machen Mendoza zu einem Tagungsort, der sowohl beruflich als auch pers\u00f6nlich bereichert.<\/p><\/div><\/div><\/div><\/div><\/div><\/div>\t\t\t\t\t\t<\/div>\n\t\t\t\t<\/div>\n\t\t\t\t<div class=\"elementor-element elementor-element-491ea91 elementor-widget elementor-widget-image\" data-id=\"491ea91\" data-element_type=\"widget\" data-widget_type=\"image.default\">\n\t\t\t\t<div class=\"elementor-widget-container\">\n\t\t\t\t\t\t\t\t\t\t\t\t\t<img fetchpriority=\"high\" decoding=\"async\" width=\"1024\" height=\"680\" src=\"https:\/\/dlkmendoza2025.com.ar\/wp-content\/uploads\/2024\/10\/dam-3432578_1280-1024x680.jpg\" class=\"attachment-large size-large wp-image-950\" alt=\"\" srcset=\"https:\/\/dlkmendoza2025.com.ar\/wp-content\/uploads\/2024\/10\/dam-3432578_1280-1024x680.jpg 1024w, https:\/\/dlkmendoza2025.com.ar\/wp-content\/uploads\/2024\/10\/dam-3432578_1280-300x199.jpg 300w, https:\/\/dlkmendoza2025.com.ar\/wp-content\/uploads\/2024\/10\/dam-3432578_1280-768x510.jpg 768w, https:\/\/dlkmendoza2025.com.ar\/wp-content\/uploads\/2024\/10\/dam-3432578_1280.jpg 1280w\" sizes=\"(max-width: 1024px) 100vw, 1024px\" \/>\t\t\t\t\t\t\t\t\t\t\t\t\t<\/div>\n\t\t\t\t<\/div>\n\t\t\t\t<\/div>\n\t\t<div class=\"elementor-element elementor-element-38f9b8c e-con-full e-flex e-con e-child\" data-id=\"38f9b8c\" data-element_type=\"container\">\n\t\t<div class=\"elementor-element elementor-element-067891f e-con-full e-flex e-con e-child\" data-id=\"067891f\" data-element_type=\"container\">\n\t\t\t\t<div class=\"elementor-element elementor-element-6b6c79a elementor-widget elementor-widget-image\" data-id=\"6b6c79a\" data-element_type=\"widget\" data-widget_type=\"image.default\">\n\t\t\t\t<div class=\"elementor-widget-container\">\n\t\t\t\t\t\t\t\t\t\t\t\t\t<img decoding=\"async\" width=\"1024\" height=\"768\" src=\"https:\/\/dlkmendoza2025.com.ar\/wp-content\/uploads\/2024\/10\/source-2416107_1280-1024x768.jpg\" class=\"attachment-large size-large wp-image-954\" alt=\"\" srcset=\"https:\/\/dlkmendoza2025.com.ar\/wp-content\/uploads\/2024\/10\/source-2416107_1280-1024x768.jpg 1024w, https:\/\/dlkmendoza2025.com.ar\/wp-content\/uploads\/2024\/10\/source-2416107_1280-300x225.jpg 300w, https:\/\/dlkmendoza2025.com.ar\/wp-content\/uploads\/2024\/10\/source-2416107_1280-768x576.jpg 768w, https:\/\/dlkmendoza2025.com.ar\/wp-content\/uploads\/2024\/10\/source-2416107_1280.jpg 1280w\" sizes=\"(max-width: 1024px) 100vw, 1024px\" \/>\t\t\t\t\t\t\t\t\t\t\t\t\t<\/div>\n\t\t\t\t<\/div>\n\t\t\t\t<\/div>\n\t\t<div class=\"elementor-element elementor-element-6db942a e-con-full e-flex e-con e-child\" data-id=\"6db942a\" data-element_type=\"container\">\n\t\t\t\t<div class=\"elementor-element elementor-element-4679ea6 elementor-widget elementor-widget-image\" data-id=\"4679ea6\" data-element_type=\"widget\" data-widget_type=\"image.default\">\n\t\t\t\t<div class=\"elementor-widget-container\">\n\t\t\t\t\t\t\t\t\t\t\t\t\t<img decoding=\"async\" width=\"1024\" height=\"819\" src=\"https:\/\/dlkmendoza2025.com.ar\/wp-content\/uploads\/2024\/10\/mountain-5114529_1280-1024x819.jpg\" class=\"attachment-large size-large wp-image-953\" alt=\"\" srcset=\"https:\/\/dlkmendoza2025.com.ar\/wp-content\/uploads\/2024\/10\/mountain-5114529_1280-1024x819.jpg 1024w, https:\/\/dlkmendoza2025.com.ar\/wp-content\/uploads\/2024\/10\/mountain-5114529_1280-300x240.jpg 300w, https:\/\/dlkmendoza2025.com.ar\/wp-content\/uploads\/2024\/10\/mountain-5114529_1280-768x614.jpg 768w, https:\/\/dlkmendoza2025.com.ar\/wp-content\/uploads\/2024\/10\/mountain-5114529_1280.jpg 1280w\" sizes=\"(max-width: 1024px) 100vw, 1024px\" \/>\t\t\t\t\t\t\t\t\t\t\t\t\t<\/div>\n\t\t\t\t<\/div>\n\t\t\t\t<div class=\"elementor-element elementor-element-d481d27 elementor-widget elementor-widget-image\" data-id=\"d481d27\" data-element_type=\"widget\" data-widget_type=\"image.default\">\n\t\t\t\t<div class=\"elementor-widget-container\">\n\t\t\t\t\t\t\t\t\t\t\t\t\t<img loading=\"lazy\" decoding=\"async\" width=\"1024\" height=\"681\" src=\"https:\/\/dlkmendoza2025.com.ar\/wp-content\/uploads\/2024\/10\/vineyard-1818871_1280-1024x681.jpg\" class=\"attachment-large size-large wp-image-955\" alt=\"\" srcset=\"https:\/\/dlkmendoza2025.com.ar\/wp-content\/uploads\/2024\/10\/vineyard-1818871_1280-1024x681.jpg 1024w, https:\/\/dlkmendoza2025.com.ar\/wp-content\/uploads\/2024\/10\/vineyard-1818871_1280-300x199.jpg 300w, https:\/\/dlkmendoza2025.com.ar\/wp-content\/uploads\/2024\/10\/vineyard-1818871_1280-768x511.jpg 768w, https:\/\/dlkmendoza2025.com.ar\/wp-content\/uploads\/2024\/10\/vineyard-1818871_1280.jpg 1280w\" sizes=\"(max-width: 1024px) 100vw, 1024px\" \/>\t\t\t\t\t\t\t\t\t\t\t\t\t<\/div>\n\t\t\t\t<\/div>\n\t\t\t\t<div class=\"elementor-element elementor-element-5841b51 elementor-widget elementor-widget-image\" data-id=\"5841b51\" data-element_type=\"widget\" data-widget_type=\"image.default\">\n\t\t\t\t<div class=\"elementor-widget-container\">\n\t\t\t\t\t\t\t\t\t\t\t\t\t<img loading=\"lazy\" decoding=\"async\" width=\"1024\" height=\"681\" src=\"https:\/\/dlkmendoza2025.com.ar\/wp-content\/uploads\/2024\/10\/mendoza-3664965_1280-1024x681.jpg\" class=\"attachment-large size-large wp-image-951\" alt=\"\" srcset=\"https:\/\/dlkmendoza2025.com.ar\/wp-content\/uploads\/2024\/10\/mendoza-3664965_1280-1024x681.jpg 1024w, https:\/\/dlkmendoza2025.com.ar\/wp-content\/uploads\/2024\/10\/mendoza-3664965_1280-300x199.jpg 300w, https:\/\/dlkmendoza2025.com.ar\/wp-content\/uploads\/2024\/10\/mendoza-3664965_1280-768x511.jpg 768w, https:\/\/dlkmendoza2025.com.ar\/wp-content\/uploads\/2024\/10\/mendoza-3664965_1280.jpg 1280w\" sizes=\"(max-width: 1024px) 100vw, 1024px\" \/>\t\t\t\t\t\t\t\t\t\t\t\t\t<\/div>\n\t\t\t\t<\/div>\n\t\t\t\t<div class=\"elementor-element elementor-element-9b389da elementor-widget elementor-widget-image\" data-id=\"9b389da\" data-element_type=\"widget\" data-widget_type=\"image.default\">\n\t\t\t\t<div class=\"elementor-widget-container\">\n\t\t\t\t\t\t\t\t\t\t\t\t\t<img loading=\"lazy\" decoding=\"async\" width=\"1024\" height=\"768\" src=\"https:\/\/dlkmendoza2025.com.ar\/wp-content\/uploads\/2024\/10\/aerial-7914733_1280-1024x768.jpg\" class=\"attachment-large size-large wp-image-949\" alt=\"\" srcset=\"https:\/\/dlkmendoza2025.com.ar\/wp-content\/uploads\/2024\/10\/aerial-7914733_1280-1024x768.jpg 1024w, https:\/\/dlkmendoza2025.com.ar\/wp-content\/uploads\/2024\/10\/aerial-7914733_1280-300x225.jpg 300w, https:\/\/dlkmendoza2025.com.ar\/wp-content\/uploads\/2024\/10\/aerial-7914733_1280-768x576.jpg 768w, https:\/\/dlkmendoza2025.com.ar\/wp-content\/uploads\/2024\/10\/aerial-7914733_1280.jpg 1280w\" sizes=\"(max-width: 1024px) 100vw, 1024px\" \/>\t\t\t\t\t\t\t\t\t\t\t\t\t<\/div>\n\t\t\t\t<\/div>\n\t\t\t\t<\/div>\n\t\t\t\t<\/div>\n\t\t\t\t\t<\/div>\n\t\t\t\t<\/div>\n\t\t<div class=\"elementor-element elementor-element-78500a9 e-flex e-con-boxed e-con e-parent\" data-id=\"78500a9\" data-element_type=\"container\">\n\t\t\t\t\t<div class=\"e-con-inner\">\n\t\t<div class=\"elementor-element elementor-element-8341e59 e-con-full e-flex e-con e-child\" data-id=\"8341e59\" data-element_type=\"container\">\n\t\t\t\t<div class=\"elementor-element elementor-element-cb4d8f1 elementor-widget elementor-widget-image\" data-id=\"cb4d8f1\" data-element_type=\"widget\" data-widget_type=\"image.default\">\n\t\t\t\t<div class=\"elementor-widget-container\">\n\t\t\t\t\t\t\t\t\t\t\t\t\t<img loading=\"lazy\" decoding=\"async\" width=\"1024\" height=\"768\" src=\"https:\/\/dlkmendoza2025.com.ar\/wp-content\/uploads\/2024\/10\/IMG-20241027-WA0007-1024x768.jpg\" class=\"attachment-large size-large wp-image-982\" alt=\"\" srcset=\"https:\/\/dlkmendoza2025.com.ar\/wp-content\/uploads\/2024\/10\/IMG-20241027-WA0007-1024x768.jpg 1024w, https:\/\/dlkmendoza2025.com.ar\/wp-content\/uploads\/2024\/10\/IMG-20241027-WA0007-300x225.jpg 300w, https:\/\/dlkmendoza2025.com.ar\/wp-content\/uploads\/2024\/10\/IMG-20241027-WA0007-768x576.jpg 768w, https:\/\/dlkmendoza2025.com.ar\/wp-content\/uploads\/2024\/10\/IMG-20241027-WA0007.jpg 1280w\" sizes=\"(max-width: 1024px) 100vw, 1024px\" \/>\t\t\t\t\t\t\t\t\t\t\t\t\t<\/div>\n\t\t\t\t<\/div>\n\t\t\t\t<div class=\"elementor-element elementor-element-fb3d543 elementor-widget elementor-widget-image\" data-id=\"fb3d543\" data-element_type=\"widget\" data-widget_type=\"image.default\">\n\t\t\t\t<div class=\"elementor-widget-container\">\n\t\t\t\t\t\t\t\t\t\t\t\t\t<img loading=\"lazy\" decoding=\"async\" width=\"1024\" height=\"768\" src=\"https:\/\/dlkmendoza2025.com.ar\/wp-content\/uploads\/2024\/10\/IMG-20241027-WA0006-1024x768.jpg\" class=\"attachment-large size-large wp-image-981\" alt=\"\" srcset=\"https:\/\/dlkmendoza2025.com.ar\/wp-content\/uploads\/2024\/10\/IMG-20241027-WA0006-1024x768.jpg 1024w, https:\/\/dlkmendoza2025.com.ar\/wp-content\/uploads\/2024\/10\/IMG-20241027-WA0006-300x225.jpg 300w, https:\/\/dlkmendoza2025.com.ar\/wp-content\/uploads\/2024\/10\/IMG-20241027-WA0006-768x576.jpg 768w, https:\/\/dlkmendoza2025.com.ar\/wp-content\/uploads\/2024\/10\/IMG-20241027-WA0006.jpg 1280w\" sizes=\"(max-width: 1024px) 100vw, 1024px\" \/>\t\t\t\t\t\t\t\t\t\t\t\t\t<\/div>\n\t\t\t\t<\/div>\n\t\t\t\t<\/div>\n\t\t<div class=\"elementor-element elementor-element-5932294 e-con-full e-flex e-con e-child\" data-id=\"5932294\" data-element_type=\"container\">\n\t\t\t\t<div class=\"elementor-element elementor-element-1f25b60 elementor-widget elementor-widget-text-editor\" data-id=\"1f25b60\" data-element_type=\"widget\" data-widget_type=\"text-editor.default\">\n\t\t\t\t<div class=\"elementor-widget-container\">\n\t\t\t\t\t\t\t<p>L<span style=\"font-size: 14px; text-align: var(--text-align);\">Die <\/span><strong style=\"font-size: 14px; text-align: var(--text-align);\">Facultad de Filosof\u00eda y Letras<\/strong><span style=\"font-size: 14px; text-align: var(--text-align);\"> der Nationaluniversit\u00e4t von Cuyo (UNCuyo) ist ein idealer Ort f\u00fcr den bevorstehenden Kongress. Die Fakult\u00e4t, die sich auf einem weitl\u00e4ufigen und gr\u00fcnen Campus befindet, bietet eine inspirierende Umgebung f\u00fcr akademische Veranstaltungen.<\/span><\/p><p>Als eine der f\u00fchrenden Fakult\u00e4ten f\u00fcr Geisteswissenschaften in Argentinien ist sie bekannt f\u00fcr ihr breites Angebot an Studieng\u00e4ngen in Bereichen wie Sprachen, Literatur, Geschichte, Philosophie und Anthropologie. Die moderne Ausstattung und die hervorragende Infrastruktur, einschlie\u00dflich ger\u00e4umiger Seminarr\u00e4ume und einer Aula Magna, bieten optimale Bedingungen f\u00fcr Vortr\u00e4ge, Diskussionen und Workshops.<\/p><p>Dar\u00fcber hinaus ist die Lage der Fakult\u00e4t auf dem Campus der UNCuyo ideal f\u00fcr nationale und internationale Kongressteilnehmer. Sie befindet sich in der N\u00e4he des Stadtzentrums von Mendoza, was den Zugang zu Hotels, Restaurants und anderen kulturellen Einrichtungen erleichtert. Dies schafft eine perfekte Balance zwischen intellektueller Atmosph\u00e4re und den M\u00f6glichkeiten, die Region Mendoza au\u00dferhalb der Universit\u00e4t zu erkunden, einschlie\u00dflich ihrer renommierten Weing\u00fcter und atemberaubenden Landschaften.<\/p><p>Der Kongress wird in dieser renommierten Institution ein produktives und angenehmes Erlebnis f\u00fcr alle TeilnehmerInnen sein und gleichzeitig die kulturelle und akademische Bedeutung Mendozas hervorheben.<\/p>\t\t\t\t\t\t<\/div>\n\t\t\t\t<\/div>\n\t\t\t\t<\/div>\n\t\t\t\t\t<\/div>\n\t\t\t\t<\/div>\n\t\t\t\t<\/div>\n\t\t","protected":false},"excerpt":{"rendered":"<p>https:\/\/dlkmendoza2025.com.ar\/wp-content\/uploads\/2024\/10\/Video_Termin.mp4 Mendoza \u2013 Ein einzigartiger Tagungsort am Fu\u00dfe der Anden \u00a0 Die Stadt Mendoza, gelegen im Westen Argentiniens, ist nicht nur die Hauptstadt der gleichnamigen Provinz, sondern auch ein idealer Ort f\u00fcr Kongresse und Veranstaltungen. Umgeben von den majest\u00e4tischen Anden und weitl\u00e4ufigen Weinbergen bietet Mendoza eine faszinierende Kombination aus nat\u00fcrlicher Sch\u00f6nheit, kultureller Vielfalt und moderner [&hellip;]<\/p>\n","protected":false},"author":1,"featured_media":0,"parent":0,"menu_order":0,"comment_status":"closed","ping_status":"closed","template":"elementor_header_footer","meta":{"ocean_post_layout":"","ocean_both_sidebars_style":"","ocean_both_sidebars_content_width":0,"ocean_both_sidebars_sidebars_width":0,"ocean_sidebar":"","ocean_second_sidebar":"","ocean_disable_margins":"enable","ocean_add_body_class":"","ocean_shortcode_before_top_bar":"","ocean_shortcode_after_top_bar":"","ocean_shortcode_before_header":"","ocean_shortcode_after_header":"","ocean_has_shortcode":"","ocean_shortcode_after_title":"","ocean_shortcode_before_footer_widgets":"","ocean_shortcode_after_footer_widgets":"","ocean_shortcode_before_footer_bottom":"","ocean_shortcode_after_footer_bottom":"","ocean_display_top_bar":"default","ocean_display_header":"default","ocean_header_style":"","ocean_center_header_left_menu":"","ocean_custom_header_template":"","ocean_custom_logo":0,"ocean_custom_retina_logo":0,"ocean_custom_logo_max_width":0,"ocean_custom_logo_tablet_max_width":0,"ocean_custom_logo_mobile_max_width":0,"ocean_custom_logo_max_height":0,"ocean_custom_logo_tablet_max_height":0,"ocean_custom_logo_mobile_max_height":0,"ocean_header_custom_menu":"","ocean_menu_typo_font_family":"","ocean_menu_typo_font_subset":"","ocean_menu_typo_font_size":0,"ocean_menu_typo_font_size_tablet":0,"ocean_menu_typo_font_size_mobile":0,"ocean_menu_typo_font_size_unit":"px","ocean_menu_typo_font_weight":"","ocean_menu_typo_font_weight_tablet":"","ocean_menu_typo_font_weight_mobile":"","ocean_menu_typo_transform":"","ocean_menu_typo_transform_tablet":"","ocean_menu_typo_transform_mobile":"","ocean_menu_typo_line_height":0,"ocean_menu_typo_line_height_tablet":0,"ocean_menu_typo_line_height_mobile":0,"ocean_menu_typo_line_height_unit":"","ocean_menu_typo_spacing":0,"ocean_menu_typo_spacing_tablet":0,"ocean_menu_typo_spacing_mobile":0,"ocean_menu_typo_spacing_unit":"","ocean_menu_link_color":"","ocean_menu_link_color_hover":"","ocean_menu_link_color_active":"","ocean_menu_link_background":"","ocean_menu_link_hover_background":"","ocean_menu_link_active_background":"","ocean_menu_social_links_bg":"","ocean_menu_social_hover_links_bg":"","ocean_menu_social_links_color":"","ocean_menu_social_hover_links_color":"","ocean_disable_title":"default","ocean_disable_heading":"default","ocean_post_title":"","ocean_post_subheading":"","ocean_post_title_style":"","ocean_post_title_background_color":"","ocean_post_title_background":0,"ocean_post_title_bg_image_position":"","ocean_post_title_bg_image_attachment":"","ocean_post_title_bg_image_repeat":"","ocean_post_title_bg_image_size":"","ocean_post_title_height":0,"ocean_post_title_bg_overlay":0.5,"ocean_post_title_bg_overlay_color":"","ocean_disable_breadcrumbs":"default","ocean_breadcrumbs_color":"","ocean_breadcrumbs_separator_color":"","ocean_breadcrumbs_links_color":"","ocean_breadcrumbs_links_hover_color":"","ocean_display_footer_widgets":"default","ocean_display_footer_bottom":"default","ocean_custom_footer_template":"","footnotes":""},"class_list":["post-900","page","type-page","status-publish","hentry","entry"],"_links":{"self":[{"href":"https:\/\/dlkmendoza2025.com.ar\/index.php\/wp-json\/wp\/v2\/pages\/900","targetHints":{"allow":["GET"]}}],"collection":[{"href":"https:\/\/dlkmendoza2025.com.ar\/index.php\/wp-json\/wp\/v2\/pages"}],"about":[{"href":"https:\/\/dlkmendoza2025.com.ar\/index.php\/wp-json\/wp\/v2\/types\/page"}],"author":[{"embeddable":true,"href":"https:\/\/dlkmendoza2025.com.ar\/index.php\/wp-json\/wp\/v2\/users\/1"}],"replies":[{"embeddable":true,"href":"https:\/\/dlkmendoza2025.com.ar\/index.php\/wp-json\/wp\/v2\/comments?post=900"}],"version-history":[{"count":30,"href":"https:\/\/dlkmendoza2025.com.ar\/index.php\/wp-json\/wp\/v2\/pages\/900\/revisions"}],"predecessor-version":[{"id":985,"href":"https:\/\/dlkmendoza2025.com.ar\/index.php\/wp-json\/wp\/v2\/pages\/900\/revisions\/985"}],"wp:attachment":[{"href":"https:\/\/dlkmendoza2025.com.ar\/index.php\/wp-json\/wp\/v2\/media?parent=900"}],"curies":[{"name":"wp","href":"https:\/\/api.w.org\/{rel}","templated":true}]}}