{"id":904,"date":"2024-09-08T02:30:00","date_gmt":"2024-09-08T02:30:00","guid":{"rendered":"https:\/\/dlkmendoza2025.com.ar\/?page_id=904"},"modified":"2025-10-25T01:22:19","modified_gmt":"2025-10-25T01:22:19","slug":"anmeldung","status":"publish","type":"page","link":"https:\/\/dlkmendoza2025.com.ar\/index.php\/anmeldung\/","title":{"rendered":"Anmeldung"},"content":{"rendered":"\t\t<div data-elementor-type=\"wp-page\" data-elementor-id=\"904\" class=\"elementor elementor-904\">\n\t\t\t\t<div class=\"elementor-element elementor-element-2be5ebe e-flex e-con-boxed e-con e-parent\" data-id=\"2be5ebe\" data-element_type=\"container\">\n\t\t\t\t\t<div class=\"e-con-inner\">\n\t\t\t\t<div class=\"elementor-element elementor-element-8f187f8 elementor-widget elementor-widget-image\" data-id=\"8f187f8\" data-element_type=\"widget\" data-widget_type=\"image.default\">\n\t\t\t\t<div class=\"elementor-widget-container\">\n\t\t\t\t\t\t\t\t\t\t\t\t\t<img decoding=\"async\" src=\"https:\/\/dlkmendoza2025.com.ar\/wp-content\/uploads\/elementor\/thumbs\/finger-2956974_1280-r3skndcrs0wjeza0xx695yngvre64ivh4d5n2qf34w.jpg\" title=\"finger-2956974_1280\" alt=\"\" loading=\"lazy\" \/>\t\t\t\t\t\t\t\t\t\t\t\t\t<\/div>\n\t\t\t\t<\/div>\n\t\t\t\t\t<\/div>\n\t\t\t\t<\/div>\n\t\t<div class=\"elementor-element elementor-element-4448fa4 e-flex e-con-boxed e-con e-parent\" data-id=\"4448fa4\" data-element_type=\"container\">\n\t\t\t\t\t<div class=\"e-con-inner\">\n\t\t\t\t<div class=\"elementor-element elementor-element-dcbae84 elementor-widget elementor-widget-text-editor\" data-id=\"dcbae84\" data-element_type=\"widget\" data-widget_type=\"text-editor.default\">\n\t\t\t\t<div class=\"elementor-widget-container\">\n\t\t\t\t\t\t\t<h5><strong>Tagungsgeb\u00fchr in USD:<\/strong><\/h5><ul><li>Regul\u00e4rer Preis: <b>USD 35,-<\/b><\/li><li>Fr\u00fchbucherrabatt bis 30.06.2025: <b>USD 25,-<\/b><\/li><li>Lehrkraftverbands-Mitglieder: <b>USD 20,-<\/b><\/li><li>Vortragende, Studierende: <b>USD 15,-<\/b><\/li><\/ul><div><p>Nach aktuellem Wechselkurs f\u00fcr <strong>September\u00a02025<\/strong> in Argentinischen Pesos:<\/p><ul><li>Regul\u00e4rer Preis:\u00a0<b>ARS 50.050,-<\/b><\/li><li>Lehrkraftverbands-Mitglieder:\u00a0<b>ARS 28.600,-<\/b><\/li><li>Vortragende, Studierende:\u00a0<b>ARS 21.450,-<\/b><\/li><\/ul><p><em>Die Preise beinhalten jeweils eine Coffebreak am Vor- und am Nachmittag, jedoch nicht das Mittagessen.\u00a0<\/em><\/p><\/div>\t\t\t\t\t\t<\/div>\n\t\t\t\t<\/div>\n\t\t\t\t\t<\/div>\n\t\t\t\t<\/div>\n\t\t<div class=\"elementor-element elementor-element-fa8ea60 e-flex e-con-boxed e-con e-parent\" data-id=\"fa8ea60\" data-element_type=\"container\">\n\t\t\t\t\t<div class=\"e-con-inner\">\n\t\t\t\t<div class=\"elementor-element elementor-element-dc6e496 elementor-widget-divider--view-line elementor-widget elementor-widget-divider\" data-id=\"dc6e496\" data-element_type=\"widget\" data-widget_type=\"divider.default\">\n\t\t\t\t<div class=\"elementor-widget-container\">\n\t\t\t\t\t<div class=\"elementor-divider\">\n\t\t\t<span class=\"elementor-divider-separator\">\n\t\t\t\t\t\t<\/span>\n\t\t<\/div>\n\t\t\t\t<\/div>\n\t\t\t\t<\/div>\n\t\t\t\t\t<\/div>\n\t\t\t\t<\/div>\n\t\t<div class=\"elementor-element elementor-element-5d3558e e-flex e-con-boxed e-con e-parent\" data-id=\"5d3558e\" data-element_type=\"container\">\n\t\t\t\t\t<div class=\"e-con-inner\">\n\t\t<div class=\"elementor-element elementor-element-9dc3cc3 e-con-full e-flex e-con e-child\" data-id=\"9dc3cc3\" data-element_type=\"container\">\n\t\t\t\t<div class=\"elementor-element elementor-element-1026d6d elementor-widget elementor-widget-text-editor\" data-id=\"1026d6d\" data-element_type=\"widget\" data-widget_type=\"text-editor.default\">\n\t\t\t\t<div class=\"elementor-widget-container\">\n\t\t\t\t\t\t\t<p data-start=\"229\" data-end=\"308\"><strong data-start=\"229\" data-end=\"308\"><span class=\"_fadeIn_pfttw_8\">So <\/span><span class=\"_fadeIn_pfttw_8\">melden <\/span><span class=\"_fadeIn_pfttw_8\">Sie <\/span><span class=\"_fadeIn_pfttw_8\">sich <\/span><span class=\"_fadeIn_pfttw_8\">zum <\/span><span class=\"_fadeIn_pfttw_8\">10. <\/span><span class=\"_fadeIn_pfttw_8\">Argentinischen <\/span><span class=\"_fadeIn_pfttw_8\">Deutschlehrendenkongress <\/span><span class=\"_fadeIn_pfttw_8\">2025 <\/span><span class=\"_fadeIn_pfttw_8\">an:<\/span><\/strong><\/p><ol data-start=\"310\" data-end=\"781\"><li data-start=\"310\" data-end=\"361\"><p data-start=\"313\" data-end=\"361\"><span class=\"_fadeIn_pfttw_8\">F\u00fcllen <\/span><span class=\"_fadeIn_pfttw_8\">Sie <\/span><span class=\"_fadeIn_pfttw_8\">das <\/span><strong data-start=\"328\" data-end=\"347\">Anmeldeformular<\/strong> <span class=\"_fadeIn_pfttw_8\">online <\/span><span class=\"_fadeIn_pfttw_8\">aus.<\/span><\/p><\/li><li data-start=\"362\" data-end=\"460\"><p data-start=\"365\" data-end=\"460\"><span class=\"_fadeIn_pfttw_8\">Nach <\/span><span class=\"_fadeIn_pfttw_8\">dem <\/span><span class=\"_fadeIn_pfttw_8\">Absenden <\/span><span class=\"_fadeIn_pfttw_8\">erhalten <\/span><span class=\"_fadeIn_pfttw_8\">Sie <\/span><span class=\"_fadeIn_pfttw_8\">eine <\/span><strong data-start=\"401\" data-end=\"427\"><span class=\"_fadeIn_pfttw_8\">Best\u00e4tigung <\/span><span class=\"_fadeIn_pfttw_8\">per <\/span><span class=\"_fadeIn_pfttw_8\">E-<\/span><span class=\"_fadeIn_pfttw_8\">Mail<\/span><\/strong> <span class=\"_fadeIn_pfttw_8\">mit <\/span><span class=\"_fadeIn_pfttw_8\">den <\/span><span class=\"_fadeIn_pfttw_8\">Zahlungsinformationen.<\/span><\/p><\/li><li data-start=\"461\" data-end=\"610\"><p data-start=\"464\" data-end=\"610\"><span class=\"_fadeIn_pfttw_8\">\u00dcberweisen <\/span><span class=\"_fadeIn_pfttw_8\">Sie <\/span><span class=\"_fadeIn_pfttw_8\">den <\/span><span class=\"_fadeIn_pfttw_8\">Teilnahmebeitrag <\/span><span class=\"_fadeIn_pfttw_8\">in <\/span><strong data-start=\"503\" data-end=\"533\"><span class=\"_fadeIn_pfttw_8\">argentinischen <\/span><span class=\"_fadeIn_pfttw_8\">Pesos (<\/span><span class=\"_fadeIn_pfttw_8\">ARS)<\/span><\/strong> <span class=\"_fadeIn_pfttw_8\">laut <\/span><span class=\"_fadeIn_pfttw_8\">aktuellem <\/span><span class=\"_fadeIn_pfttw_8\">Wechselkurs. <\/span><span class=\"_fadeIn_pfttw_8\">Die <\/span><span class=\"_fadeIn_pfttw_8\">Betr\u00e4ge <\/span><span class=\"_fadeIn_pfttw_8\">sind oben\u00a0<\/span><span class=\"_fadeIn_pfttw_8\">auf <\/span><span class=\"_fadeIn_pfttw_8\">dieser <\/span><span class=\"_fadeIn_pfttw_8\">Website <\/span><span class=\"_fadeIn_pfttw_8\">angegeben.<\/span><\/p><\/li><li data-start=\"611\" data-end=\"781\"><p data-start=\"614\" data-end=\"781\"><span class=\"_fadeIn_pfttw_8\">Teilnehmer*<\/span><span class=\"_fadeIn_pfttw_8\">innen <\/span><span class=\"_fadeIn_pfttw_8\">aus <\/span><span class=\"_fadeIn_pfttw_8\">dem <\/span><strong data-start=\"639\" data-end=\"650\">Ausland<\/strong> <span class=\"_fadeIn_pfttw_8\">werden <\/span><span class=\"_fadeIn_pfttw_8\">gebeten, f\u00fcr Informationen zur Zahlungsabwicklung an folgende Mail zu schreiben<\/span><span class=\"_fadeIn_pfttw_8\">:<\/span><br data-start=\"737\" data-end=\"740\" \/><span class=\"_fadeIn_pfttw_8\"><img decoding=\"async\" class=\"emoji\" role=\"img\" draggable=\"false\" src=\"https:\/\/s.w.org\/images\/core\/emoji\/15.1.0\/svg\/1f4e7.svg\" alt=\"\ud83d\udce7\" \/> <\/span><strong data-start=\"746\" data-end=\"781\" data-is-only-node=\"\"><a class=\"cursor-pointer\" rel=\"noopener\" data-start=\"748\" data-end=\"779\"><span class=\"_fadeIn_pfttw_8\">zahlungen@<\/span><span class=\"_fadeIn_pfttw_8\">dlkmendoza2025.<\/span><span class=\"_fadeIn_pfttw_8\">com.<\/span><span class=\"_fadeIn_pfttw_8\">ar<\/span><\/a><\/strong><\/p><\/li><li data-start=\"611\" data-end=\"781\"><p data-start=\"614\" data-end=\"781\">Bitte senden Sie den <strong>Zahlungsbeleg<\/strong> per E-Mail an oben genannte Adresse.<br \/>\u27a4 Falls Sie den <strong>Studierendenrabatt<\/strong> oder den <strong>Rabatt f\u00fcr Vereinsmitglieder<\/strong> in Anspruch nehmen, senden Sie bitte auch eine entsprechende <strong>Bescheinigung<\/strong> (z.\u202fB. Studiennachweis, Mitgliedsbest\u00e4tigung) mit.<\/p><\/li><\/ol><p data-start=\"783\" data-end=\"898\"><span class=\"_fadeIn_pfttw_8\">Nach <\/span><span class=\"_fadeIn_pfttw_8\">Zahlungseingang <\/span><span class=\"_fadeIn_pfttw_8\">ist <\/span><span class=\"_fadeIn_pfttw_8\">Ihre <\/span><span class=\"_fadeIn_pfttw_8\">Anmeldung <\/span><span class=\"_fadeIn_pfttw_8\">vollst\u00e4ndig.<\/span><br data-start=\"835\" data-end=\"838\" \/><span class=\"_fadeIn_pfttw_8\">Bei <\/span><span class=\"_fadeIn_pfttw_8\">Fragen <\/span><span class=\"_fadeIn_pfttw_8\">wenden <\/span><span class=\"_fadeIn_pfttw_8\">Sie <\/span><span class=\"_fadeIn_pfttw_8\">sich <\/span><span class=\"_fadeIn_pfttw_8\">gern <\/span><span class=\"_fadeIn_pfttw_8\">an <\/span><span class=\"_fadeIn_pfttw_8\">das <\/span><span class=\"_fadeIn_pfttw_8\">Organisationskomitee.<\/span><\/p>\t\t\t\t\t\t<\/div>\n\t\t\t\t<\/div>\n\t\t\t\t<\/div>\n\t\t<div class=\"elementor-element elementor-element-f33aa86 e-con-full e-flex e-con e-child\" data-id=\"f33aa86\" data-element_type=\"container\">\n\t\t\t\t<div class=\"elementor-element elementor-element-b8c2bc6 elementor-widget elementor-widget-text-editor\" data-id=\"b8c2bc6\" data-element_type=\"widget\" data-widget_type=\"text-editor.default\">\n\t\t\t\t<div class=\"elementor-widget-container\">\n\t\t\t\t\t\t\t<p data-start=\"905\" data-end=\"979\"><em><strong data-start=\"905\" data-end=\"979\"><span class=\"_fadeIn_pfttw_8\">C\u00f3mo <\/span><span class=\"_fadeIn_pfttw_8\">inscribirse <\/span><span class=\"_fadeIn_pfttw_8\">al <\/span><span class=\"_fadeIn_pfttw_8\">10\u00b0 <\/span><span class=\"_fadeIn_pfttw_8\">Congreso <\/span><span class=\"_fadeIn_pfttw_8\">Argentino <\/span><span class=\"_fadeIn_pfttw_8\">de <\/span><span class=\"_fadeIn_pfttw_8\">Docentes <\/span><span class=\"_fadeIn_pfttw_8\">de <\/span><span class=\"_fadeIn_pfttw_8\">Alem\u00e1n <\/span><span class=\"_fadeIn_pfttw_8\">2025:<\/span><\/strong><\/em><\/p>\n<ol data-start=\"981\" data-end=\"1417\">\n<li data-start=\"981\" data-end=\"1037\">\n<p data-start=\"984\" data-end=\"1037\"><em><span class=\"_fadeIn_pfttw_8\">Complete <\/span><span class=\"_fadeIn_pfttw_8\">el <\/span><strong data-start=\"996\" data-end=\"1025\"><span class=\"_fadeIn_pfttw_8\">formulario <\/span><span class=\"_fadeIn_pfttw_8\">de <\/span><span class=\"_fadeIn_pfttw_8\">inscripci\u00f3n<\/span><\/strong> <span class=\"_fadeIn_pfttw_8\">en <\/span><span class=\"_fadeIn_pfttw_8\">l\u00ednea.<\/span><\/em><\/p>\n<\/li>\n<li data-start=\"1038\" data-end=\"1115\">\n<p data-start=\"1041\" data-end=\"1115\"><em><span class=\"_fadeIn_pfttw_8\">Luego <\/span><span class=\"_fadeIn_pfttw_8\">recibir\u00e1 <\/span><span class=\"_fadeIn_pfttw_8\">un <\/span><strong data-start=\"1059\" data-end=\"1085\"><span class=\"_fadeIn_pfttw_8\">correo <\/span><span class=\"_fadeIn_pfttw_8\">de <\/span><span class=\"_fadeIn_pfttw_8\">confirmaci\u00f3n<\/span><\/strong> <span class=\"_fadeIn_pfttw_8\">con <\/span><span class=\"_fadeIn_pfttw_8\">los <\/span><span class=\"_fadeIn_pfttw_8\">datos <\/span><span class=\"_fadeIn_pfttw_8\">para <\/span><span class=\"_fadeIn_pfttw_8\">el <\/span><span class=\"_fadeIn_pfttw_8\">pago.<\/span><\/em><\/p>\n<\/li>\n<li data-start=\"1116\" data-end=\"1263\">\n<p data-start=\"1119\" data-end=\"1263\"><em><span class=\"_fadeIn_pfttw_8\">Realice <\/span><span class=\"_fadeIn_pfttw_8\">la <\/span><span class=\"_fadeIn_pfttw_8\">transferencia <\/span><span class=\"_fadeIn_pfttw_8\">del <\/span><span class=\"_fadeIn_pfttw_8\">arancel <\/span><span class=\"_fadeIn_pfttw_8\">en <\/span><strong data-start=\"1159\" data-end=\"1185\"><span class=\"_fadeIn_pfttw_8\">pesos <\/span><span class=\"_fadeIn_pfttw_8\">argentinos (<\/span><span class=\"_fadeIn_pfttw_8\">ARS)<\/span><\/strong> <span class=\"_fadeIn_pfttw_8\">seg\u00fan <\/span><span class=\"_fadeIn_pfttw_8\">el <\/span><span class=\"_fadeIn_pfttw_8\">tipo <\/span><span class=\"_fadeIn_pfttw_8\">de <\/span><span class=\"_fadeIn_pfttw_8\">cambio <\/span><span class=\"_fadeIn_pfttw_8\">vigente. <\/span><span class=\"_fadeIn_pfttw_8\">Los <\/span><span class=\"_fadeIn_pfttw_8\">montos <\/span><span class=\"_fadeIn_pfttw_8\">est\u00e1n <\/span><span class=\"_fadeIn_pfttw_8\">publicados <\/span><span class=\"_fadeIn_pfttw_8\">en <\/span><span class=\"_fadeIn_pfttw_8\">este <\/span><span class=\"_fadeIn_pfttw_8\">sitio.<\/span><\/em><\/p>\n<\/li>\n<li data-start=\"1264\" data-end=\"1417\">\n<p data-start=\"1267\" data-end=\"1417\"><em><span class=\"_fadeIn_pfttw_8\">Si <\/span><span class=\"_fadeIn_pfttw_8\">reside <\/span><span class=\"_fadeIn_pfttw_8\">en <\/span><span class=\"_fadeIn_pfttw_8\">el <\/span><strong data-start=\"1283\" data-end=\"1297\">extranjero<\/strong><span class=\"_fadeIn_pfttw_8\">, <\/span><span class=\"_fadeIn_pfttw_8\">por <\/span><span class=\"_fadeIn_pfttw_8\">favor <\/span><span class=\"_fadeIn_pfttw_8\">escribir <\/span><span class=\"_fadeIn_pfttw_8\">a:<\/span><\/em><br data-start=\"1377\" data-end=\"1380\"><em><span class=\"_fadeIn_pfttw_8\"><img decoding=\"async\" class=\"emoji\" role=\"img\" draggable=\"false\" src=\"https:\/\/s.w.org\/images\/core\/emoji\/15.1.0\/svg\/1f4e7.svg\" alt=\"\ud83d\udce7\"> <\/span><strong data-start=\"1386\" data-end=\"1417\"><a class=\"cursor-pointer\" rel=\"noopener\" data-start=\"1388\" data-end=\"1415\"><span class=\"_fadeIn_pfttw_8\">pagos@<\/span><span class=\"_fadeIn_pfttw_8\">dlkmendoza2025.<\/span><span class=\"_fadeIn_pfttw_8\">com.<\/span><span class=\"_fadeIn_pfttw_8\">ar<\/span><\/a><\/strong><\/em><\/p>\n<\/li>\n<li data-start=\"1264\" data-end=\"1417\">Env\u00ede el<strong> comprobante de pago<\/strong> por correo electr\u00f3nico a la direcci\u00f3n indicada.<br>\u27a4 En caso de solicitar el <strong>descuento para estudiantes o miembros de asociaciones<\/strong>, adjunte tambi\u00e9n el <strong>certificado<\/strong> correspondiente (constancia de estudios o constancia de afiliaci\u00f3n).<\/li>\n<\/ol>\n<p data-start=\"1419\" data-end=\"1537\"><em><span class=\"_fadeIn_pfttw_8\">Una <\/span><span class=\"_fadeIn_pfttw_8\">vez <\/span><span class=\"_fadeIn_pfttw_8\">confirmado <\/span><span class=\"_fadeIn_pfttw_8\">el <\/span><span class=\"_fadeIn_pfttw_8\">pago, <\/span><span class=\"_fadeIn_pfttw_8\">su <\/span><span class=\"_fadeIn_pfttw_8\">inscripci\u00f3n <\/span><span class=\"_fadeIn_pfttw_8\">ser\u00e1 <\/span><span class=\"_fadeIn_pfttw_8\">definitiva.<\/span><\/em><br data-start=\"1478\" data-end=\"1481\"><em><span class=\"_fadeIn_pfttw_8\">Para <\/span><span class=\"_fadeIn_pfttw_8\">consultas, <\/span><span class=\"_fadeIn_pfttw_8\">puede <\/span><span class=\"_fadeIn_pfttw_8\">escribirnos <\/span><span class=\"_fadeIn_pfttw_8\">al <\/span><span class=\"_fadeIn_pfttw_8\">comit\u00e9 <\/span><span class=\"_fadeIn_pfttw_8\">organizador.<\/span><\/em><\/p>\t\t\t\t\t\t<\/div>\n\t\t\t\t<\/div>\n\t\t\t\t<\/div>\n\t\t\t\t\t<\/div>\n\t\t\t\t<\/div>\n\t\t<div class=\"elementor-element elementor-element-56c2d7c e-flex e-con-boxed e-con e-parent\" data-id=\"56c2d7c\" data-element_type=\"container\">\n\t\t\t\t\t<div class=\"e-con-inner\">\n\t\t\t\t<div class=\"elementor-element elementor-element-17ff9db elementor-widget elementor-widget-text-editor\" data-id=\"17ff9db\" data-element_type=\"widget\" data-widget_type=\"text-editor.default\">\n\t\t\t\t<div class=\"elementor-widget-container\">\n\t\t\t\t\t\t\t<h3 style=\"text-align: center;\"><span style=\"color: #ff0000;\"><strong>&#8212; ANMELDUNGEN sind leider nicht mehr m\u00f6glich &#8212;-<\/strong><\/span><\/h3><p style=\"text-align: center;\">R\u00fcckfragen bitte per e-Mail an info@dlkmendoza2025.com.ar<\/p>\t\t\t\t\t\t<\/div>\n\t\t\t\t<\/div>\n\t\t\t\t\t<\/div>\n\t\t\t\t<\/div>\n\t\t\t\t<\/div>\n\t\t","protected":false},"excerpt":{"rendered":"<p>Tagungsgeb\u00fchr in USD: Regul\u00e4rer Preis: USD 35,- Fr\u00fchbucherrabatt bis 30.06.2025: USD 25,- Lehrkraftverbands-Mitglieder: USD 20,- Vortragende, Studierende: USD 15,- Nach aktuellem Wechselkurs f\u00fcr September\u00a02025 in Argentinischen Pesos: Regul\u00e4rer Preis:\u00a0ARS 50.050,- Lehrkraftverbands-Mitglieder:\u00a0ARS 28.600,- Vortragende, Studierende:\u00a0ARS 21.450,- Die Preise beinhalten jeweils eine Coffebreak am Vor- und am Nachmittag, jedoch nicht das Mittagessen.\u00a0 So melden Sie sich zum [&hellip;]<\/p>\n","protected":false},"author":1,"featured_media":0,"parent":0,"menu_order":0,"comment_status":"closed","ping_status":"closed","template":"elementor_header_footer","meta":{"ocean_post_layout":"","ocean_both_sidebars_style":"","ocean_both_sidebars_content_width":0,"ocean_both_sidebars_sidebars_width":0,"ocean_sidebar":"","ocean_second_sidebar":"","ocean_disable_margins":"enable","ocean_add_body_class":"","ocean_shortcode_before_top_bar":"","ocean_shortcode_after_top_bar":"","ocean_shortcode_before_header":"","ocean_shortcode_after_header":"","ocean_has_shortcode":"","ocean_shortcode_after_title":"","ocean_shortcode_before_footer_widgets":"","ocean_shortcode_after_footer_widgets":"","ocean_shortcode_before_footer_bottom":"","ocean_shortcode_after_footer_bottom":"","ocean_display_top_bar":"default","ocean_display_header":"default","ocean_header_style":"","ocean_center_header_left_menu":"","ocean_custom_header_template":"","ocean_custom_logo":0,"ocean_custom_retina_logo":0,"ocean_custom_logo_max_width":0,"ocean_custom_logo_tablet_max_width":0,"ocean_custom_logo_mobile_max_width":0,"ocean_custom_logo_max_height":0,"ocean_custom_logo_tablet_max_height":0,"ocean_custom_logo_mobile_max_height":0,"ocean_header_custom_menu":"","ocean_menu_typo_font_family":"","ocean_menu_typo_font_subset":"","ocean_menu_typo_font_size":0,"ocean_menu_typo_font_size_tablet":0,"ocean_menu_typo_font_size_mobile":0,"ocean_menu_typo_font_size_unit":"px","ocean_menu_typo_font_weight":"","ocean_menu_typo_font_weight_tablet":"","ocean_menu_typo_font_weight_mobile":"","ocean_menu_typo_transform":"","ocean_menu_typo_transform_tablet":"","ocean_menu_typo_transform_mobile":"","ocean_menu_typo_line_height":0,"ocean_menu_typo_line_height_tablet":0,"ocean_menu_typo_line_height_mobile":0,"ocean_menu_typo_line_height_unit":"","ocean_menu_typo_spacing":0,"ocean_menu_typo_spacing_tablet":0,"ocean_menu_typo_spacing_mobile":0,"ocean_menu_typo_spacing_unit":"","ocean_menu_link_color":"","ocean_menu_link_color_hover":"","ocean_menu_link_color_active":"","ocean_menu_link_background":"","ocean_menu_link_hover_background":"","ocean_menu_link_active_background":"","ocean_menu_social_links_bg":"","ocean_menu_social_hover_links_bg":"","ocean_menu_social_links_color":"","ocean_menu_social_hover_links_color":"","ocean_disable_title":"default","ocean_disable_heading":"default","ocean_post_title":"","ocean_post_subheading":"","ocean_post_title_style":"","ocean_post_title_background_color":"","ocean_post_title_background":0,"ocean_post_title_bg_image_position":"","ocean_post_title_bg_image_attachment":"","ocean_post_title_bg_image_repeat":"","ocean_post_title_bg_image_size":"","ocean_post_title_height":0,"ocean_post_title_bg_overlay":0.5,"ocean_post_title_bg_overlay_color":"","ocean_disable_breadcrumbs":"default","ocean_breadcrumbs_color":"","ocean_breadcrumbs_separator_color":"","ocean_breadcrumbs_links_color":"","ocean_breadcrumbs_links_hover_color":"","ocean_display_footer_widgets":"default","ocean_display_footer_bottom":"default","ocean_custom_footer_template":"","footnotes":""},"class_list":["post-904","page","type-page","status-publish","hentry","entry"],"_links":{"self":[{"href":"https:\/\/dlkmendoza2025.com.ar\/index.php\/wp-json\/wp\/v2\/pages\/904","targetHints":{"allow":["GET"]}}],"collection":[{"href":"https:\/\/dlkmendoza2025.com.ar\/index.php\/wp-json\/wp\/v2\/pages"}],"about":[{"href":"https:\/\/dlkmendoza2025.com.ar\/index.php\/wp-json\/wp\/v2\/types\/page"}],"author":[{"embeddable":true,"href":"https:\/\/dlkmendoza2025.com.ar\/index.php\/wp-json\/wp\/v2\/users\/1"}],"replies":[{"embeddable":true,"href":"https:\/\/dlkmendoza2025.com.ar\/index.php\/wp-json\/wp\/v2\/comments?post=904"}],"version-history":[{"count":108,"href":"https:\/\/dlkmendoza2025.com.ar\/index.php\/wp-json\/wp\/v2\/pages\/904\/revisions"}],"predecessor-version":[{"id":1669,"href":"https:\/\/dlkmendoza2025.com.ar\/index.php\/wp-json\/wp\/v2\/pages\/904\/revisions\/1669"}],"wp:attachment":[{"href":"https:\/\/dlkmendoza2025.com.ar\/index.php\/wp-json\/wp\/v2\/media?parent=904"}],"curies":[{"name":"wp","href":"https:\/\/api.w.org\/{rel}","templated":true}]}}