{"id":991,"date":"2024-11-29T16:05:18","date_gmt":"2024-11-29T16:05:18","guid":{"rendered":"https:\/\/dlkmendoza2025.com.ar\/?page_id=991"},"modified":"2025-05-16T13:03:29","modified_gmt":"2025-05-16T13:03:29","slug":"call-for-papers","status":"publish","type":"page","link":"https:\/\/dlkmendoza2025.com.ar\/index.php\/call-for-papers\/","title":{"rendered":"Call for Papers"},"content":{"rendered":"\t\t<div data-elementor-type=\"wp-page\" data-elementor-id=\"991\" class=\"elementor elementor-991\">\n\t\t\t\t<div class=\"elementor-element elementor-element-d87b137 e-flex e-con-boxed e-con e-parent\" data-id=\"d87b137\" data-element_type=\"container\">\n\t\t\t\t\t<div class=\"e-con-inner\">\n\t\t\t\t<div class=\"elementor-element elementor-element-46f3c6f elementor-widget elementor-widget-image\" data-id=\"46f3c6f\" data-element_type=\"widget\" data-widget_type=\"image.default\">\n\t\t\t\t<div class=\"elementor-widget-container\">\n\t\t\t\t\t\t\t\t\t\t\t\t\t<img fetchpriority=\"high\" decoding=\"async\" width=\"1024\" height=\"678\" src=\"https:\/\/dlkmendoza2025.com.ar\/wp-content\/uploads\/2024\/12\/lukas-blazek-mcSDtbWXUZU-unsplash-1024x678.jpg\" class=\"attachment-large size-large wp-image-1009\" alt=\"\" srcset=\"https:\/\/dlkmendoza2025.com.ar\/wp-content\/uploads\/2024\/12\/lukas-blazek-mcSDtbWXUZU-unsplash-1024x678.jpg 1024w, https:\/\/dlkmendoza2025.com.ar\/wp-content\/uploads\/2024\/12\/lukas-blazek-mcSDtbWXUZU-unsplash-300x199.jpg 300w, https:\/\/dlkmendoza2025.com.ar\/wp-content\/uploads\/2024\/12\/lukas-blazek-mcSDtbWXUZU-unsplash-768x509.jpg 768w, https:\/\/dlkmendoza2025.com.ar\/wp-content\/uploads\/2024\/12\/lukas-blazek-mcSDtbWXUZU-unsplash-1536x1017.jpg 1536w, https:\/\/dlkmendoza2025.com.ar\/wp-content\/uploads\/2024\/12\/lukas-blazek-mcSDtbWXUZU-unsplash-2048x1356.jpg 2048w\" sizes=\"(max-width: 1024px) 100vw, 1024px\" \/>\t\t\t\t\t\t\t\t\t\t\t\t\t<\/div>\n\t\t\t\t<\/div>\n\t\t\t\t\t<\/div>\n\t\t\t\t<\/div>\n\t\t<div class=\"elementor-element elementor-element-db0b4dd e-flex e-con-boxed e-con e-parent\" data-id=\"db0b4dd\" data-element_type=\"container\">\n\t\t\t\t\t<div class=\"e-con-inner\">\n\t\t\t\t<div class=\"elementor-element elementor-element-44eadf1 elementor-widget elementor-widget-text-editor\" data-id=\"44eadf1\" data-element_type=\"widget\" data-widget_type=\"text-editor.default\">\n\t\t\t\t<div class=\"elementor-widget-container\">\n\t\t\t\t\t\t\t<p>Alle wichtigen Informationen hier im PDF-Format herunterladen:\u00a0 <span style=\"text-decoration: underline; color: #000080;\"><a style=\"color: #000080; text-decoration: underline;\" href=\"https:\/\/dlkmendoza2025.com.ar\/wp-content\/uploads\/2024\/11\/CfP-Arg-DLK.pdf\">Download PDF Call for Papers<\/a><\/span><\/p><p><strong>Fristen f\u00fcr die Einreichung von Beitr\u00e4gen:<\/strong><br \/>\u25cb 15. Januar 2025 f\u00fcr alle, die zwecks Beantragung einer Reisef\u00f6rderung eine schnelle Best\u00e4tigung brauchen<br \/>\u25cb F\u00fcr alle anderen verl\u00e4ngert bis zum <span style=\"color: #ff0000;\"><strong>15. Mai 2025<\/strong><\/span><\/p><p><em><strong data-start=\"68\" data-end=\"154\"><span class=\"_fadeIn_pfttw_8\">Der <\/span><span class=\"_fadeIn_pfttw_8\">Call <\/span><span class=\"_fadeIn_pfttw_8\">for <\/span><span class=\"_fadeIn_pfttw_8\">Papers <\/span><span class=\"_fadeIn_pfttw_8\">ist <\/span><span class=\"_fadeIn_pfttw_8\">geschlossen. <\/span><span class=\"_fadeIn_pfttw_8\">Vielen <\/span><span class=\"_fadeIn_pfttw_8\">Dank <\/span><span class=\"_fadeIn_pfttw_8\">f\u00fcr <\/span><span class=\"_fadeIn_pfttw_8\">die <\/span><span class=\"_fadeIn_pfttw_8\">zahlreichen <\/span><span class=\"_fadeIn_pfttw_8\">Einsendungen!<\/span><\/strong><\/em><br data-start=\"154\" data-end=\"157\" \/><em><span class=\"_fadeIn_pfttw_8\">Alle <\/span><span class=\"_fadeIn_pfttw_8\">Einreichenden <\/span><span class=\"_fadeIn_pfttw_8\">erhalten <\/span><span class=\"_fadeIn_pfttw_8\">in <\/span><span class=\"_fadeIn_pfttw_8\">K\u00fcrze <\/span><span class=\"_fadeIn_pfttw_8\">eine <\/span><span class=\"_fadeIn_pfttw_8\">R\u00fcckmeldung <\/span><span class=\"_fadeIn_pfttw_8\">per <\/span><span class=\"_fadeIn_pfttw_8\">E-<\/span><span class=\"_fadeIn_pfttw_8\">Mail.<\/span><\/em><\/p>\t\t\t\t\t\t<\/div>\n\t\t\t\t<\/div>\n\t\t\t\t\t<\/div>\n\t\t\t\t<\/div>\n\t\t\t\t<\/div>\n\t\t","protected":false},"excerpt":{"rendered":"<p>Alle wichtigen Informationen hier im PDF-Format herunterladen:\u00a0 Download PDF Call for Papers Fristen f\u00fcr die Einreichung von Beitr\u00e4gen:\u25cb 15. Januar 2025 f\u00fcr alle, die zwecks Beantragung einer Reisef\u00f6rderung eine schnelle Best\u00e4tigung brauchen\u25cb F\u00fcr alle anderen verl\u00e4ngert bis zum 15. Mai 2025 Der Call for Papers ist geschlossen. Vielen Dank f\u00fcr die zahlreichen Einsendungen!Alle Einreichenden erhalten [&hellip;]<\/p>\n","protected":false},"author":1,"featured_media":0,"parent":0,"menu_order":0,"comment_status":"closed","ping_status":"closed","template":"elementor_header_footer","meta":{"ocean_post_layout":"","ocean_both_sidebars_style":"","ocean_both_sidebars_content_width":0,"ocean_both_sidebars_sidebars_width":0,"ocean_sidebar":"","ocean_second_sidebar":"","ocean_disable_margins":"enable","ocean_add_body_class":"","ocean_shortcode_before_top_bar":"","ocean_shortcode_after_top_bar":"","ocean_shortcode_before_header":"","ocean_shortcode_after_header":"","ocean_has_shortcode":"","ocean_shortcode_after_title":"","ocean_shortcode_before_footer_widgets":"","ocean_shortcode_after_footer_widgets":"","ocean_shortcode_before_footer_bottom":"","ocean_shortcode_after_footer_bottom":"","ocean_display_top_bar":"default","ocean_display_header":"default","ocean_header_style":"","ocean_center_header_left_menu":"","ocean_custom_header_template":"","ocean_custom_logo":0,"ocean_custom_retina_logo":0,"ocean_custom_logo_max_width":0,"ocean_custom_logo_tablet_max_width":0,"ocean_custom_logo_mobile_max_width":0,"ocean_custom_logo_max_height":0,"ocean_custom_logo_tablet_max_height":0,"ocean_custom_logo_mobile_max_height":0,"ocean_header_custom_menu":"","ocean_menu_typo_font_family":"","ocean_menu_typo_font_subset":"","ocean_menu_typo_font_size":0,"ocean_menu_typo_font_size_tablet":0,"ocean_menu_typo_font_size_mobile":0,"ocean_menu_typo_font_size_unit":"px","ocean_menu_typo_font_weight":"","ocean_menu_typo_font_weight_tablet":"","ocean_menu_typo_font_weight_mobile":"","ocean_menu_typo_transform":"","ocean_menu_typo_transform_tablet":"","ocean_menu_typo_transform_mobile":"","ocean_menu_typo_line_height":0,"ocean_menu_typo_line_height_tablet":0,"ocean_menu_typo_line_height_mobile":0,"ocean_menu_typo_line_height_unit":"","ocean_menu_typo_spacing":0,"ocean_menu_typo_spacing_tablet":0,"ocean_menu_typo_spacing_mobile":0,"ocean_menu_typo_spacing_unit":"","ocean_menu_link_color":"","ocean_menu_link_color_hover":"","ocean_menu_link_color_active":"","ocean_menu_link_background":"","ocean_menu_link_hover_background":"","ocean_menu_link_active_background":"","ocean_menu_social_links_bg":"","ocean_menu_social_hover_links_bg":"","ocean_menu_social_links_color":"","ocean_menu_social_hover_links_color":"","ocean_disable_title":"default","ocean_disable_heading":"default","ocean_post_title":"","ocean_post_subheading":"","ocean_post_title_style":"","ocean_post_title_background_color":"","ocean_post_title_background":0,"ocean_post_title_bg_image_position":"","ocean_post_title_bg_image_attachment":"","ocean_post_title_bg_image_repeat":"","ocean_post_title_bg_image_size":"","ocean_post_title_height":0,"ocean_post_title_bg_overlay":0.5,"ocean_post_title_bg_overlay_color":"","ocean_disable_breadcrumbs":"default","ocean_breadcrumbs_color":"","ocean_breadcrumbs_separator_color":"","ocean_breadcrumbs_links_color":"","ocean_breadcrumbs_links_hover_color":"","ocean_display_footer_widgets":"default","ocean_display_footer_bottom":"default","ocean_custom_footer_template":"","footnotes":""},"class_list":["post-991","page","type-page","status-publish","hentry","entry"],"_links":{"self":[{"href":"https:\/\/dlkmendoza2025.com.ar\/index.php\/wp-json\/wp\/v2\/pages\/991","targetHints":{"allow":["GET"]}}],"collection":[{"href":"https:\/\/dlkmendoza2025.com.ar\/index.php\/wp-json\/wp\/v2\/pages"}],"about":[{"href":"https:\/\/dlkmendoza2025.com.ar\/index.php\/wp-json\/wp\/v2\/types\/page"}],"author":[{"embeddable":true,"href":"https:\/\/dlkmendoza2025.com.ar\/index.php\/wp-json\/wp\/v2\/users\/1"}],"replies":[{"embeddable":true,"href":"https:\/\/dlkmendoza2025.com.ar\/index.php\/wp-json\/wp\/v2\/comments?post=991"}],"version-history":[{"count":28,"href":"https:\/\/dlkmendoza2025.com.ar\/index.php\/wp-json\/wp\/v2\/pages\/991\/revisions"}],"predecessor-version":[{"id":1245,"href":"https:\/\/dlkmendoza2025.com.ar\/index.php\/wp-json\/wp\/v2\/pages\/991\/revisions\/1245"}],"wp:attachment":[{"href":"https:\/\/dlkmendoza2025.com.ar\/index.php\/wp-json\/wp\/v2\/media?parent=991"}],"curies":[{"name":"wp","href":"https:\/\/api.w.org\/{rel}","templated":true}]}}